{"id":911,"date":"2025-05-02T09:09:25","date_gmt":"2025-05-02T09:09:25","guid":{"rendered":"https:\/\/kadk-sdle.ch\/?page_id=911"},"modified":"2025-05-02T09:14:36","modified_gmt":"2025-05-02T09:14:36","slug":"politique-de-confidentialite","status":"publish","type":"page","link":"https:\/\/kadk-sdle.ch\/fr\/politique-de-confidentialite\/","title":{"rendered":"Politique de confidentialit\u00e9"},"content":{"rendered":"<ol>\n<li><strong> Collecte, traitement et utilisation des donn\u00e9es personnelles<\/strong><\/li>\n<\/ol>\n<p>Lors de votre visite sur ce site web, nous ne collectons aucune donn\u00e9e personnelle vous concernant. Les donn\u00e9es personnelles ne sont collect\u00e9es que si vous nous les transmettez volontairement via notre formulaire de contact. Ces donn\u00e9es sont utilis\u00e9es exclusivement pour r\u00e9pondre \u00e0 votre demande, puis elles sont supprim\u00e9es.<\/p>\n<ol start=\"2\">\n<li><strong> Utilisation de cookies internes<\/strong><\/li>\n<\/ol>\n<p>Lors de l&rsquo;acc\u00e8s \u00e0 certaines pages, un \u00ab cookie de session \u00bb est install\u00e9. Il s&rsquo;agit d&rsquo;un petit fichier texte qui est automatiquement supprim\u00e9 de votre ordinateur \u00e0 la fin de la session de navigation. Ce fichier sert uniquement \u00e0 permettre l&rsquo;utilisation de certaines applications. Vous pouvez configurer la plupart des navigateurs web pour qu&rsquo;ils n&rsquo;acceptent pas les nouveaux cookies ou pour qu&rsquo;ils suppriment les cookies re\u00e7us. Pour savoir comment faire cela sur votre navigateur, veuillez consulter sa fonction d&rsquo;aide.<\/p>\n<ol start=\"3\">\n<li><strong>Fichiers journaux du serveur<\/strong><\/li>\n<\/ol>\n<p>Comme pour toute connexion \u00e0 un serveur web, le serveur de notre h\u00e9bergeur <strong>Infomaniak Network SA, <\/strong><strong>Rue Eug\u00e8ne Marziano 25, <\/strong><strong>1227 Les Acacias (GE)<\/strong>, enregistre et conserve automatiquement certaines donn\u00e9es techniques. Ces donn\u00e9es comprennent l\u2019adresse IP et le syst\u00e8me d\u2019exploitation de votre appareil, la date, l\u2019heure d\u2019acc\u00e8s, le type de navigateur ainsi que la requ\u00eate du navigateur, y compris l\u2019origine de la requ\u00eate (r\u00e9f\u00e9rent). Cela est techniquement n\u00e9cessaire pour vous permettre d\u2019acc\u00e9der \u00e0 notre site. L\u2019h\u00e9bergeur prot\u00e8ge ces donn\u00e9es par des mesures techniques et organisationnelles contre tout acc\u00e8s non autoris\u00e9 et ne les transmet pas \u00e0 des tiers. Dans la mesure o\u00f9 des donn\u00e9es personnelles sont trait\u00e9es, cela est fait dans le but l\u00e9gitime de vous offrir la meilleure exp\u00e9rience utilisateur possible et de garantir la s\u00e9curit\u00e9 et la stabilit\u00e9 de nos syst\u00e8mes.<\/p>\n<ol start=\"7\">\n<li><strong> Vos droits<\/strong><\/li>\n<\/ol>\n<p>Vous disposez en principe des droits d\u2019acc\u00e8s, de rectification, de suppression, de limitation, de portabilit\u00e9 des donn\u00e9es, de r\u00e9vocation et d\u2019opposition. Si vous estimez que le traitement de vos donn\u00e9es enfreint la l\u00e9gislation sur la protection des donn\u00e9es ou que vos droits en mati\u00e8re de protection des donn\u00e9es ont \u00e9t\u00e9 viol\u00e9s de quelque mani\u00e8re que ce soit, vous pouvez d\u00e9poser une plainte aupr\u00e8s de l\u2019autorit\u00e9 de surveillance comp\u00e9tente.<\/p>\n<p>Vous pouvez nous contacter aux coordonn\u00e9es suivantes :<br \/><strong>(veuillez compl\u00e9ter les informations)<\/strong><\/p>\n","protected":false},"excerpt":{"rendered":"<p>Collecte, traitement et utilisation des donn\u00e9es personnelles Lors de votre visite sur ce site web, nous ne collectons aucune donn\u00e9e personnelle vous concernant. Les donn\u00e9es personnelles ne sont collect\u00e9es que si vous nous les transmettez volontairement via notre formulaire de contact. Ces donn\u00e9es sont utilis\u00e9es exclusivement pour r\u00e9pondre \u00e0 votre demande, puis elles sont supprim\u00e9es. [&hellip;]<\/p>\n","protected":false},"author":1,"featured_media":0,"parent":0,"menu_order":0,"comment_status":"closed","ping_status":"closed","template":"","meta":{"footnotes":""},"class_list":["post-911","page","type-page","status-publish","hentry"],"yoast_head":"<!-- This site is optimized with the Yoast SEO plugin v27.5 - https:\/\/yoast.com\/product\/yoast-seo-wordpress\/ -->\n<title>Politique de confidentialit\u00e9 - Sortire de l&#039;\u00e9tau Bienne<\/title>\n<meta name=\"robots\" content=\"index, follow, max-snippet:-1, max-image-preview:large, max-video-preview:-1\" \/>\n<link rel=\"canonical\" href=\"https:\/\/kadk-sdle.ch\/fr\/politique-de-confidentialite\/\" \/>\n<meta property=\"og:locale\" content=\"fr_FR\" \/>\n<meta property=\"og:type\" content=\"article\" \/>\n<meta property=\"og:title\" content=\"Politique de confidentialit\u00e9 - Sortire de l&#039;\u00e9tau Bienne\" \/>\n<meta property=\"og:description\" content=\"Collecte, traitement et utilisation des donn\u00e9es personnelles Lors de votre visite sur ce site web, nous ne collectons aucune donn\u00e9e personnelle vous concernant. Les donn\u00e9es personnelles ne sont collect\u00e9es que si vous nous les transmettez volontairement via notre formulaire de contact. Ces donn\u00e9es sont utilis\u00e9es exclusivement pour r\u00e9pondre \u00e0 votre demande, puis elles sont supprim\u00e9es. [&hellip;]\" \/>\n<meta property=\"og:url\" content=\"https:\/\/kadk-sdle.ch\/fr\/politique-de-confidentialite\/\" \/>\n<meta property=\"og:site_name\" content=\"Sortire de l&#039;\u00e9tau Bienne\" \/>\n<meta property=\"article:modified_time\" content=\"2025-05-02T09:14:36+00:00\" \/>\n<meta name=\"twitter:card\" content=\"summary_large_image\" \/>\n<meta name=\"twitter:label1\" content=\"Dur\u00e9e de lecture estim\u00e9e\" \/>\n\t<meta name=\"twitter:data1\" content=\"2 minutes\" \/>\n<script type=\"application\/ld+json\" class=\"yoast-schema-graph\">{\"@context\":\"https:\\\/\\\/schema.org\",\"@graph\":[{\"@type\":\"WebPage\",\"@id\":\"https:\\\/\\\/kadk-sdle.ch\\\/fr\\\/politique-de-confidentialite\\\/\",\"url\":\"https:\\\/\\\/kadk-sdle.ch\\\/fr\\\/politique-de-confidentialite\\\/\",\"name\":\"Politique de confidentialit\u00e9 - Sortire de l&#039;\u00e9tau Bienne\",\"isPartOf\":{\"@id\":\"https:\\\/\\\/kadk-sdle.ch\\\/fr\\\/#website\"},\"datePublished\":\"2025-05-02T09:09:25+00:00\",\"dateModified\":\"2025-05-02T09:14:36+00:00\",\"breadcrumb\":{\"@id\":\"https:\\\/\\\/kadk-sdle.ch\\\/fr\\\/politique-de-confidentialite\\\/#breadcrumb\"},\"inLanguage\":\"fr-FR\",\"potentialAction\":[{\"@type\":\"ReadAction\",\"target\":[\"https:\\\/\\\/kadk-sdle.ch\\\/fr\\\/politique-de-confidentialite\\\/\"]}]},{\"@type\":\"BreadcrumbList\",\"@id\":\"https:\\\/\\\/kadk-sdle.ch\\\/fr\\\/politique-de-confidentialite\\\/#breadcrumb\",\"itemListElement\":[{\"@type\":\"ListItem\",\"position\":1,\"name\":\"Startseite\",\"item\":\"https:\\\/\\\/kadk-sdle.ch\\\/fr\\\/\"},{\"@type\":\"ListItem\",\"position\":2,\"name\":\"Politique de confidentialit\u00e9\"}]},{\"@type\":\"WebSite\",\"@id\":\"https:\\\/\\\/kadk-sdle.ch\\\/fr\\\/#website\",\"url\":\"https:\\\/\\\/kadk-sdle.ch\\\/fr\\\/\",\"name\":\"Kinder aus der Klemme Biel\",\"description\":\"Groupes multifamiliaux, un soutien face aux s\u00e9parations conflictuelles\",\"publisher\":{\"@id\":\"https:\\\/\\\/kadk-sdle.ch\\\/fr\\\/#organization\"},\"potentialAction\":[{\"@type\":\"SearchAction\",\"target\":{\"@type\":\"EntryPoint\",\"urlTemplate\":\"https:\\\/\\\/kadk-sdle.ch\\\/fr\\\/?s={search_term_string}\"},\"query-input\":{\"@type\":\"PropertyValueSpecification\",\"valueRequired\":true,\"valueName\":\"search_term_string\"}}],\"inLanguage\":\"fr-FR\"},{\"@type\":\"Organization\",\"@id\":\"https:\\\/\\\/kadk-sdle.ch\\\/fr\\\/#organization\",\"name\":\"Kinder aus der Klemme Biel\",\"url\":\"https:\\\/\\\/kadk-sdle.ch\\\/fr\\\/\",\"logo\":{\"@type\":\"ImageObject\",\"inLanguage\":\"fr-FR\",\"@id\":\"https:\\\/\\\/kadk-sdle.ch\\\/fr\\\/#\\\/schema\\\/logo\\\/image\\\/\",\"url\":\"https:\\\/\\\/kadk-sdle.ch\\\/wp-content\\\/uploads\\\/2025\\\/04\\\/bordeu.png\",\"contentUrl\":\"https:\\\/\\\/kadk-sdle.ch\\\/wp-content\\\/uploads\\\/2025\\\/04\\\/bordeu.png\",\"width\":2129,\"height\":577,\"caption\":\"Kinder aus der Klemme Biel\"},\"image\":{\"@id\":\"https:\\\/\\\/kadk-sdle.ch\\\/fr\\\/#\\\/schema\\\/logo\\\/image\\\/\"}}]}<\/script>\n<!-- \/ Yoast SEO plugin. -->","yoast_head_json":{"title":"Politique de confidentialit\u00e9 - Sortire de l&#039;\u00e9tau Bienne","robots":{"index":"index","follow":"follow","max-snippet":"max-snippet:-1","max-image-preview":"max-image-preview:large","max-video-preview":"max-video-preview:-1"},"canonical":"https:\/\/kadk-sdle.ch\/fr\/politique-de-confidentialite\/","og_locale":"fr_FR","og_type":"article","og_title":"Politique de confidentialit\u00e9 - Sortire de l&#039;\u00e9tau Bienne","og_description":"Collecte, traitement et utilisation des donn\u00e9es personnelles Lors de votre visite sur ce site web, nous ne collectons aucune donn\u00e9e personnelle vous concernant. Les donn\u00e9es personnelles ne sont collect\u00e9es que si vous nous les transmettez volontairement via notre formulaire de contact. Ces donn\u00e9es sont utilis\u00e9es exclusivement pour r\u00e9pondre \u00e0 votre demande, puis elles sont supprim\u00e9es. [&hellip;]","og_url":"https:\/\/kadk-sdle.ch\/fr\/politique-de-confidentialite\/","og_site_name":"Sortire de l&#039;\u00e9tau Bienne","article_modified_time":"2025-05-02T09:14:36+00:00","twitter_card":"summary_large_image","twitter_misc":{"Dur\u00e9e de lecture estim\u00e9e":"2 minutes"},"schema":{"@context":"https:\/\/schema.org","@graph":[{"@type":"WebPage","@id":"https:\/\/kadk-sdle.ch\/fr\/politique-de-confidentialite\/","url":"https:\/\/kadk-sdle.ch\/fr\/politique-de-confidentialite\/","name":"Politique de confidentialit\u00e9 - Sortire de l&#039;\u00e9tau Bienne","isPartOf":{"@id":"https:\/\/kadk-sdle.ch\/fr\/#website"},"datePublished":"2025-05-02T09:09:25+00:00","dateModified":"2025-05-02T09:14:36+00:00","breadcrumb":{"@id":"https:\/\/kadk-sdle.ch\/fr\/politique-de-confidentialite\/#breadcrumb"},"inLanguage":"fr-FR","potentialAction":[{"@type":"ReadAction","target":["https:\/\/kadk-sdle.ch\/fr\/politique-de-confidentialite\/"]}]},{"@type":"BreadcrumbList","@id":"https:\/\/kadk-sdle.ch\/fr\/politique-de-confidentialite\/#breadcrumb","itemListElement":[{"@type":"ListItem","position":1,"name":"Startseite","item":"https:\/\/kadk-sdle.ch\/fr\/"},{"@type":"ListItem","position":2,"name":"Politique de confidentialit\u00e9"}]},{"@type":"WebSite","@id":"https:\/\/kadk-sdle.ch\/fr\/#website","url":"https:\/\/kadk-sdle.ch\/fr\/","name":"Kinder aus der Klemme Biel","description":"Groupes multifamiliaux, un soutien face aux s\u00e9parations conflictuelles","publisher":{"@id":"https:\/\/kadk-sdle.ch\/fr\/#organization"},"potentialAction":[{"@type":"SearchAction","target":{"@type":"EntryPoint","urlTemplate":"https:\/\/kadk-sdle.ch\/fr\/?s={search_term_string}"},"query-input":{"@type":"PropertyValueSpecification","valueRequired":true,"valueName":"search_term_string"}}],"inLanguage":"fr-FR"},{"@type":"Organization","@id":"https:\/\/kadk-sdle.ch\/fr\/#organization","name":"Kinder aus der Klemme Biel","url":"https:\/\/kadk-sdle.ch\/fr\/","logo":{"@type":"ImageObject","inLanguage":"fr-FR","@id":"https:\/\/kadk-sdle.ch\/fr\/#\/schema\/logo\/image\/","url":"https:\/\/kadk-sdle.ch\/wp-content\/uploads\/2025\/04\/bordeu.png","contentUrl":"https:\/\/kadk-sdle.ch\/wp-content\/uploads\/2025\/04\/bordeu.png","width":2129,"height":577,"caption":"Kinder aus der Klemme Biel"},"image":{"@id":"https:\/\/kadk-sdle.ch\/fr\/#\/schema\/logo\/image\/"}}]}},"_links":{"self":[{"href":"https:\/\/kadk-sdle.ch\/fr\/wp-json\/wp\/v2\/pages\/911","targetHints":{"allow":["GET"]}}],"collection":[{"href":"https:\/\/kadk-sdle.ch\/fr\/wp-json\/wp\/v2\/pages"}],"about":[{"href":"https:\/\/kadk-sdle.ch\/fr\/wp-json\/wp\/v2\/types\/page"}],"author":[{"embeddable":true,"href":"https:\/\/kadk-sdle.ch\/fr\/wp-json\/wp\/v2\/users\/1"}],"replies":[{"embeddable":true,"href":"https:\/\/kadk-sdle.ch\/fr\/wp-json\/wp\/v2\/comments?post=911"}],"version-history":[{"count":4,"href":"https:\/\/kadk-sdle.ch\/fr\/wp-json\/wp\/v2\/pages\/911\/revisions"}],"predecessor-version":[{"id":917,"href":"https:\/\/kadk-sdle.ch\/fr\/wp-json\/wp\/v2\/pages\/911\/revisions\/917"}],"wp:attachment":[{"href":"https:\/\/kadk-sdle.ch\/fr\/wp-json\/wp\/v2\/media?parent=911"}],"curies":[{"name":"wp","href":"https:\/\/api.w.org\/{rel}","templated":true}]}}