{"id":842,"date":"2025-04-02T09:57:18","date_gmt":"2025-04-02T09:57:18","guid":{"rendered":"https:\/\/kadk-sdle.ch\/sortir-de-letau-bienne\/"},"modified":"2025-05-29T13:10:21","modified_gmt":"2025-05-29T13:10:21","slug":"sortir-de-letau-bienne","status":"publish","type":"page","link":"https:\/\/kadk-sdle.ch\/fr\/","title":{"rendered":"Sortir de l&rsquo;\u00e9tau Bienne"},"content":{"rendered":"\t\t<div data-elementor-type=\"wp-page\" data-elementor-id=\"842\" class=\"elementor elementor-842 elementor-183\" data-elementor-post-type=\"page\">\n\t\t\t\t<div class=\"elementor-element elementor-element-d685966 e-con-full e-flex e-con e-parent\" data-id=\"d685966\" data-element_type=\"container\" data-e-type=\"container\" data-settings=\"{&quot;background_background&quot;:&quot;classic&quot;}\">\n\t\t<div class=\"elementor-element elementor-element-2ee8313 e-con-full e-flex e-con e-child\" data-id=\"2ee8313\" data-element_type=\"container\" data-e-type=\"container\" data-settings=\"{&quot;background_background&quot;:&quot;slideshow&quot;,&quot;background_slideshow_gallery&quot;:[{&quot;id&quot;:712,&quot;url&quot;:&quot;https:\\\/\\\/kadk-sdle.ch\\\/wp-content\\\/uploads\\\/2025\\\/04\\\/klemme1.jpg&quot;},{&quot;id&quot;:713,&quot;url&quot;:&quot;https:\\\/\\\/kadk-sdle.ch\\\/wp-content\\\/uploads\\\/2025\\\/04\\\/klemme2.jpg&quot;}],&quot;background_slideshow_slide_duration&quot;:4900,&quot;background_slideshow_transition_duration&quot;:100,&quot;background_slideshow_loop&quot;:&quot;yes&quot;,&quot;background_slideshow_slide_transition&quot;:&quot;fade&quot;}\">\n\t\t<div class=\"elementor-element elementor-element-c49b600 e-con-full e-flex e-con e-child\" data-id=\"c49b600\" data-element_type=\"container\" data-e-type=\"container\" data-settings=\"{&quot;background_background&quot;:&quot;gradient&quot;}\">\n\t\t\t\t<div class=\"elementor-element elementor-element-b09a56e elementor--h-position-left elementor--v-position-bottom elementor-widget elementor-widget-slides\" data-id=\"b09a56e\" data-element_type=\"widget\" data-e-type=\"widget\" data-settings=\"{&quot;navigation&quot;:&quot;none&quot;,&quot;transition_speed&quot;:0,&quot;autoplay&quot;:&quot;yes&quot;,&quot;autoplay_speed&quot;:5000,&quot;infinite&quot;:&quot;yes&quot;,&quot;transition&quot;:&quot;slide&quot;}\" data-widget_type=\"slides.default\">\n\t\t\t\t<div class=\"elementor-widget-container\">\n\t\t\t\t\t\t\t\t\t<div class=\"elementor-swiper\">\n\t\t\t\t\t<div class=\"elementor-slides-wrapper elementor-main-swiper swiper\" role=\"region\" aria-roledescription=\"carousel\" aria-label=\"Slider\" dir=\"ltr\" data-animation=\"fadeInUp\">\n\t\t\t\t<div class=\"swiper-wrapper elementor-slides\">\n\t\t\t\t\t\t\t\t\t\t<div class=\"elementor-repeater-item-c198e00 swiper-slide\" role=\"group\" aria-roledescription=\"slide\"><div class=\"swiper-slide-bg\"><\/div><div class=\"swiper-slide-inner\" ><div class=\"swiper-slide-contents\"><div class=\"elementor-slide-description\"><p>Unsere Kinder haben etwas Besseres verdient als st\u00e4ndigen Streit!<\/p>\n<\/div><\/div><\/div><\/div><div class=\"elementor-repeater-item-2643dcf swiper-slide\" role=\"group\" aria-roledescription=\"slide\"><div class=\"swiper-slide-bg\"><\/div><div class=\"swiper-slide-inner\" ><div class=\"swiper-slide-contents\"><div class=\"elementor-slide-description\"><p>Et nous aussi.<br \/>Trouvons des solutions m\u00eame si la s\u00e9paration est tr\u00e8s conflictuelle !<\/p>\n<\/div><\/div><\/div><\/div>\t\t\t\t<\/div>\n\t\t\t\t\t\t\t\t\t\t\t\t\t\t\t\t\t\t\t\t\t<\/div>\n\t\t\t\t<\/div>\n\t\t\t\t\t\t\t\t<\/div>\n\t\t\t\t<\/div>\n\t\t\t\t<\/div>\n\t\t\t\t<\/div>\n\t\t\t\t<\/div>\n\t\t<div class=\"elementor-element elementor-element-27b6664 e-flex e-con-boxed e-con e-parent\" data-id=\"27b6664\" data-element_type=\"container\" data-e-type=\"container\">\n\t\t\t\t\t<div class=\"e-con-inner\">\n\t\t<div class=\"elementor-element elementor-element-b21a299 e-con-full e-flex e-con e-child\" data-id=\"b21a299\" data-element_type=\"container\" data-e-type=\"container\">\n\t\t<div class=\"elementor-element elementor-element-f7ef6e6 e-con-full e-flex e-con e-child\" data-id=\"f7ef6e6\" data-element_type=\"container\" data-e-type=\"container\">\n\t\t\t\t<div class=\"elementor-element elementor-element-1e0250b elementor-widget elementor-widget-heading\" data-id=\"1e0250b\" data-element_type=\"widget\" data-e-type=\"widget\" data-widget_type=\"heading.default\">\n\t\t\t\t<div class=\"elementor-widget-container\">\n\t\t\t\t\t<h2 class=\"elementor-heading-title elementor-size-default\">Les s\u00e9parations sont des crises de vie \u2013 <br>aussi bien pour les enfants que pour les parents.<\/h2>\t\t\t\t<\/div>\n\t\t\t\t<\/div>\n\t\t\t\t<div class=\"elementor-element elementor-element-fd0e267 elementor-widget elementor-widget-text-editor\" data-id=\"fd0e267\" data-element_type=\"widget\" data-e-type=\"widget\" data-widget_type=\"text-editor.default\">\n\t\t\t\t<div class=\"elementor-widget-container\">\n\t\t\t\t\t\t\t\t\t<p class=\"\" data-start=\"0\" data-end=\"92\">Sentiments bless\u00e9s, r\u00eaves de vie bris\u00e9s \u2013 c&rsquo;est pr\u00e9cis\u00e9ment dans ces moments les plus difficiles que les parents doivent mieux communiquer. Il n\u2019est pas rare que cela m\u00e8ne \u00e0 des conflits \u00e9puisants et co\u00fbteux, qui s\u2019\u00e9ternisent souvent sur de nombreuses ann\u00e9es. Si seulement l\u2019ex n\u2019\u00e9tait pas si compliqu\u00e9(e)&#8230;<\/p>\n\t\t\t\t\t\t\t\t<\/div>\n\t\t\t\t<\/div>\n\t\t\t\t<div class=\"elementor-element elementor-element-7c6be00 elementor-widget elementor-widget-heading\" data-id=\"7c6be00\" data-element_type=\"widget\" data-e-type=\"widget\" data-widget_type=\"heading.default\">\n\t\t\t\t<div class=\"elementor-widget-container\">\n\t\t\t\t\t<h2 class=\"elementor-heading-title elementor-size-default\">En avez-vous assez des conflits ?<br>Aspirez-vous \u00e0 des moments de l\u00e9g\u00e8ret\u00e9 avec vos enfants ?<\/h2>\t\t\t\t<\/div>\n\t\t\t\t<\/div>\n\t\t\t\t<div class=\"elementor-element elementor-element-6065383 elementor-widget elementor-widget-text-editor\" data-id=\"6065383\" data-element_type=\"widget\" data-e-type=\"widget\" data-widget_type=\"text-editor.default\">\n\t\t\t\t<div class=\"elementor-widget-container\">\n\t\t\t\t\t\t\t\t\t<p>Le programme \u00ab Sortir de l&rsquo;\u00e9tau \u00bb vous aide \u00e0 remettre vos enfants au centre de vos priorit\u00e9s \u2013 tout en grandissant personnellement.<br data-start=\"185\" data-end=\"188\" \/>Nous vous donnons des outils pour sortir des anciens sch\u00e9mas, car vous resterez parents toute votre vie.<\/p>\n\t\t\t\t\t\t\t\t<\/div>\n\t\t\t\t<\/div>\n\t\t\t\t<div class=\"elementor-element elementor-element-9d0ec81 elementor-align-left elementor-widget elementor-widget-button\" data-id=\"9d0ec81\" data-element_type=\"widget\" data-e-type=\"widget\" data-widget_type=\"button.default\">\n\t\t\t\t<div class=\"elementor-widget-container\">\n\t\t\t\t\t\t\t\t\t<div class=\"elementor-button-wrapper\">\n\t\t\t\t\t<a class=\"elementor-button elementor-button-link elementor-size-sm\" href=\"https:\/\/kadk-sdle.ch\/fr\/cursus\/description-du-cours\/\">\n\t\t\t\t\t\t<span class=\"elementor-button-content-wrapper\">\n\t\t\t\t\t\t\t\t\t<span class=\"elementor-button-text\">Plus d'information<\/span>\n\t\t\t\t\t<\/span>\n\t\t\t\t\t<\/a>\n\t\t\t\t<\/div>\n\t\t\t\t\t\t\t\t<\/div>\n\t\t\t\t<\/div>\n\t\t\t\t<\/div>\n\t\t<div class=\"elementor-element elementor-element-3d2c1b6 e-con-full e-flex e-con e-child\" data-id=\"3d2c1b6\" data-element_type=\"container\" data-e-type=\"container\">\n\t\t\t\t<div class=\"elementor-element elementor-element-b3bda10 elementor-widget elementor-widget-heading\" data-id=\"b3bda10\" data-element_type=\"widget\" data-e-type=\"widget\" data-widget_type=\"heading.default\">\n\t\t\t\t<div class=\"elementor-widget-container\">\n\t\t\t\t\t<h2 class=\"elementor-heading-title elementor-size-default\">Trennungen sind Lebenskrisen \u2013 <br>f\u00fcr Kinder wie f\u00fcr Eltern.<\/h2>\t\t\t\t<\/div>\n\t\t\t\t<\/div>\n\t\t\t\t<div class=\"elementor-element elementor-element-bea2071 elementor-widget elementor-widget-text-editor\" data-id=\"bea2071\" data-element_type=\"widget\" data-e-type=\"widget\" data-widget_type=\"text-editor.default\">\n\t\t\t\t<div class=\"elementor-widget-container\">\n\t\t\t\t\t\t\t\t\t<p>Verletzte Gef\u00fchle, zerbrochene Lebenstr\u00e4ume &#8211; gerade dann, wenn es am schwersten ist, m\u00fcssen sich Eltern besser verst\u00e4ndigen. Nicht selten kommt es zu zerm\u00fcrbenden und teuren Auseinandersetzungen, die sich oft \u00fcber viele Jahre hinziehen. Wenn der\/die Ex nur nicht so schwierig w\u00e4re&#8230;<\/p>\n\t\t\t\t\t\t\t\t<\/div>\n\t\t\t\t<\/div>\n\t\t\t\t<div class=\"elementor-element elementor-element-2ea08b3 elementor-widget elementor-widget-heading\" data-id=\"2ea08b3\" data-element_type=\"widget\" data-e-type=\"widget\" data-widget_type=\"heading.default\">\n\t\t\t\t<div class=\"elementor-widget-container\">\n\t\t\t\t\t<h2 class=\"elementor-heading-title elementor-size-default\">Haben Sie genug von K\u00e4mpfen?<br>Sehnen Sie sich nach unbeschwerten Momenten mit Ihren Kindern?<\/h2>\t\t\t\t<\/div>\n\t\t\t\t<\/div>\n\t\t\t\t<div class=\"elementor-element elementor-element-268c2d9 elementor-widget elementor-widget-text-editor\" data-id=\"268c2d9\" data-element_type=\"widget\" data-e-type=\"widget\" data-widget_type=\"text-editor.default\">\n\t\t\t\t<div class=\"elementor-widget-container\">\n\t\t\t\t\t\t\t\t\t<p>Das Programm \u201eKinder aus der Klemme\u201c hilft Ihnen, den Fokus auf Ihre Kinder zu r\u00fccken \u2013 und auch pers\u00f6nlich zu wachsen. Wir geben Ihnen Werkzeuge an die Hand, um aus den alten Mustern auszubrechen, denn Eltern bleiben Sie ein Leben lang.<\/p>\n\t\t\t\t\t\t\t\t<\/div>\n\t\t\t\t<\/div>\n\t\t\t\t<div class=\"elementor-element elementor-element-0b118a2 elementor-align-left elementor-widget elementor-widget-button\" data-id=\"0b118a2\" data-element_type=\"widget\" data-e-type=\"widget\" data-widget_type=\"button.default\">\n\t\t\t\t<div class=\"elementor-widget-container\">\n\t\t\t\t\t\t\t\t\t<div class=\"elementor-button-wrapper\">\n\t\t\t\t\t<a class=\"elementor-button elementor-button-link elementor-size-sm\" href=\"\/kurse\/kursbeschreibung\/\">\n\t\t\t\t\t\t<span class=\"elementor-button-content-wrapper\">\n\t\t\t\t\t\t\t\t\t<span class=\"elementor-button-text\">Weiter lesen<\/span>\n\t\t\t\t\t<\/span>\n\t\t\t\t\t<\/a>\n\t\t\t\t<\/div>\n\t\t\t\t\t\t\t\t<\/div>\n\t\t\t\t<\/div>\n\t\t\t\t<\/div>\n\t\t\t\t<\/div>\n\t\t\t\t\t<\/div>\n\t\t\t\t<\/div>\n\t\t<div class=\"elementor-element elementor-element-0f53591 e-flex e-con-boxed e-con e-parent\" data-id=\"0f53591\" data-element_type=\"container\" data-e-type=\"container\" data-settings=\"{&quot;background_background&quot;:&quot;classic&quot;}\">\n\t\t\t\t\t<div class=\"e-con-inner\">\n\t\t\t\t<div class=\"elementor-element elementor-element-66a2d35 elementor-widget elementor-widget-testimonial\" data-id=\"66a2d35\" data-element_type=\"widget\" data-e-type=\"widget\" data-widget_type=\"testimonial.default\">\n\t\t\t\t<div class=\"elementor-widget-container\">\n\t\t\t\t\t\t\t<div class=\"elementor-testimonial-wrapper\">\n\t\t\t\t\t\t\t<div class=\"elementor-testimonial-content\"><p>\u00ab Engagement sur une longue p\u00e9riode. Une tr\u00eave dans les conflits. J'avais besoin du miroir des autres familles et de leurs enfants. C'\u00e9tait le seul moyen de savoir ce que ma fille devait vivre. Et je pouvais voir quelle situation de merde nous avions cr\u00e9\u00e9e pour elle.\u00a0\u00bb<\/p>\n<\/div>\n\t\t\t\n\t\t\t\t\t\t<div class=\"elementor-testimonial-meta elementor-has-image elementor-testimonial-image-position-aside\">\n\t\t\t\t<div class=\"elementor-testimonial-meta-inner\">\n\t\t\t\t\t\t\t\t\t\t\t<div class=\"elementor-testimonial-image\">\n\t\t\t\t\t\t\t<img decoding=\"async\" src=\"https:\/\/kadk-sdle.ch\/wp-content\/plugins\/elementor\/assets\/images\/placeholder.png\" title=\"\" alt=\"\" loading=\"lazy\" \/>\t\t\t\t\t\t<\/div>\n\t\t\t\t\t\n\t\t\t\t\t\t\t\t\t\t<div class=\"elementor-testimonial-details\">\n\t\t\t\t\t\t\t\t\t\t\t\t\t\t<div class=\"elementor-testimonial-name\">D., m\u00e8re de H. 14 ans<\/div>\n\t\t\t\t\t\t\t\t\t\t\t\t\t\t\t\t\t\t\t<\/div>\n\t\t\t\t\t\t\t\t\t<\/div>\n\t\t\t<\/div>\n\t\t\t\t\t<\/div>\n\t\t\t\t\t\t<\/div>\n\t\t\t\t<\/div>\n\t\t\t\t\t<\/div>\n\t\t\t\t<\/div>\n\t\t\t\t<\/div>\n\t\t","protected":false},"excerpt":{"rendered":"<p>Unsere Kinder haben etwas Besseres verdient als st\u00e4ndigen Streit! Et nous aussi.Trouvons des solutions m\u00eame si la s\u00e9paration est tr\u00e8s conflictuelle ! Les s\u00e9parations sont des crises de vie \u2013 aussi bien pour les enfants que pour les parents. Sentiments bless\u00e9s, r\u00eaves de vie bris\u00e9s \u2013 c&rsquo;est pr\u00e9cis\u00e9ment dans ces moments les plus difficiles que [&hellip;]<\/p>\n","protected":false},"author":1,"featured_media":0,"parent":0,"menu_order":0,"comment_status":"closed","ping_status":"closed","template":"elementor_header_footer","meta":{"footnotes":""},"class_list":["post-842","page","type-page","status-publish","hentry"],"yoast_head":"<!-- This site is optimized with the Yoast SEO plugin v27.3 - https:\/\/yoast.com\/product\/yoast-seo-wordpress\/ -->\n<title>Sortir de l&#039;\u00e9tau Bienne - Sortire de l&#039;\u00e9tau Bienne<\/title>\n<meta name=\"description\" content=\"En avez-vous assez des conflits ? Aspirez-vous \u00e0 des moments de l\u00e9g\u00e8ret\u00e9 avec vos enfants ? Le programme \u00ab Sortir de l\u2019\u00e9tau \u00bb vous aide \u00e0 remettre vos enfants au centre de vos priorit\u00e9s \u2013 tout en grandissant personnellement, car vous resterez parents toute votre vie.\" \/>\n<meta name=\"robots\" content=\"index, follow, max-snippet:-1, max-image-preview:large, max-video-preview:-1\" \/>\n<link rel=\"canonical\" href=\"https:\/\/kadk-sdle.ch\/fr\/\" \/>\n<meta property=\"og:locale\" content=\"fr_FR\" \/>\n<meta property=\"og:type\" content=\"article\" \/>\n<meta property=\"og:title\" content=\"Sortir de l&#039;\u00e9tau Bienne - Sortire de l&#039;\u00e9tau Bienne\" \/>\n<meta property=\"og:description\" content=\"En avez-vous assez des conflits ? Aspirez-vous \u00e0 des moments de l\u00e9g\u00e8ret\u00e9 avec vos enfants ? Le programme \u00ab Sortir de l\u2019\u00e9tau \u00bb vous aide \u00e0 remettre vos enfants au centre de vos priorit\u00e9s \u2013 tout en grandissant personnellement, car vous resterez parents toute votre vie.\" \/>\n<meta property=\"og:url\" content=\"https:\/\/kadk-sdle.ch\/fr\/\" \/>\n<meta property=\"og:site_name\" content=\"Sortire de l&#039;\u00e9tau Bienne\" \/>\n<meta property=\"article:modified_time\" content=\"2025-05-29T13:10:21+00:00\" \/>\n<meta property=\"og:image\" content=\"https:\/\/kadk-sdle.ch\/wp-content\/plugins\/elementor\/assets\/images\/placeholder.png\" \/>\n<meta name=\"twitter:card\" content=\"summary_large_image\" \/>\n<meta name=\"twitter:label1\" content=\"Dur\u00e9e de lecture estim\u00e9e\" \/>\n\t<meta name=\"twitter:data1\" content=\"2 minutes\" \/>\n<script type=\"application\/ld+json\" class=\"yoast-schema-graph\">{\"@context\":\"https:\\\/\\\/schema.org\",\"@graph\":[{\"@type\":\"WebPage\",\"@id\":\"https:\\\/\\\/kadk-sdle.ch\\\/fr\\\/\",\"url\":\"https:\\\/\\\/kadk-sdle.ch\\\/fr\\\/\",\"name\":\"Sortir de l'\u00e9tau Bienne - Sortire de l&#039;\u00e9tau Bienne\",\"isPartOf\":{\"@id\":\"https:\\\/\\\/kadk-sdle.ch\\\/fr\\\/#website\"},\"primaryImageOfPage\":{\"@id\":\"https:\\\/\\\/kadk-sdle.ch\\\/fr\\\/#primaryimage\"},\"image\":{\"@id\":\"https:\\\/\\\/kadk-sdle.ch\\\/fr\\\/#primaryimage\"},\"thumbnailUrl\":\"https:\\\/\\\/kadk-sdle.ch\\\/wp-content\\\/plugins\\\/elementor\\\/assets\\\/images\\\/placeholder.png\",\"datePublished\":\"2025-04-02T09:57:18+00:00\",\"dateModified\":\"2025-05-29T13:10:21+00:00\",\"description\":\"En avez-vous assez des conflits ? Aspirez-vous \u00e0 des moments de l\u00e9g\u00e8ret\u00e9 avec vos enfants ? Le programme \u00ab Sortir de l\u2019\u00e9tau \u00bb vous aide \u00e0 remettre vos enfants au centre de vos priorit\u00e9s \u2013 tout en grandissant personnellement, car vous resterez parents toute votre vie.\",\"breadcrumb\":{\"@id\":\"https:\\\/\\\/kadk-sdle.ch\\\/fr\\\/#breadcrumb\"},\"inLanguage\":\"fr-FR\",\"potentialAction\":[{\"@type\":\"ReadAction\",\"target\":[\"https:\\\/\\\/kadk-sdle.ch\\\/fr\\\/\"]}]},{\"@type\":\"ImageObject\",\"inLanguage\":\"fr-FR\",\"@id\":\"https:\\\/\\\/kadk-sdle.ch\\\/fr\\\/#primaryimage\",\"url\":\"https:\\\/\\\/kadk-sdle.ch\\\/wp-content\\\/plugins\\\/elementor\\\/assets\\\/images\\\/placeholder.png\",\"contentUrl\":\"https:\\\/\\\/kadk-sdle.ch\\\/wp-content\\\/plugins\\\/elementor\\\/assets\\\/images\\\/placeholder.png\"},{\"@type\":\"BreadcrumbList\",\"@id\":\"https:\\\/\\\/kadk-sdle.ch\\\/fr\\\/#breadcrumb\",\"itemListElement\":[{\"@type\":\"ListItem\",\"position\":1,\"name\":\"Startseite\",\"item\":\"https:\\\/\\\/kadk-sdle.ch\\\/fr\\\/\"},{\"@type\":\"ListItem\",\"position\":2,\"name\":\"Sortir de l&rsquo;\u00e9tau Bienne\"}]},{\"@type\":\"WebSite\",\"@id\":\"https:\\\/\\\/kadk-sdle.ch\\\/fr\\\/#website\",\"url\":\"https:\\\/\\\/kadk-sdle.ch\\\/fr\\\/\",\"name\":\"Kinder aus der Klemme Biel\",\"description\":\"Groupes multifamiliaux, un soutien face aux s\u00e9parations conflictuelles\",\"publisher\":{\"@id\":\"https:\\\/\\\/kadk-sdle.ch\\\/fr\\\/#organization\"},\"potentialAction\":[{\"@type\":\"SearchAction\",\"target\":{\"@type\":\"EntryPoint\",\"urlTemplate\":\"https:\\\/\\\/kadk-sdle.ch\\\/fr\\\/?s={search_term_string}\"},\"query-input\":{\"@type\":\"PropertyValueSpecification\",\"valueRequired\":true,\"valueName\":\"search_term_string\"}}],\"inLanguage\":\"fr-FR\"},{\"@type\":\"Organization\",\"@id\":\"https:\\\/\\\/kadk-sdle.ch\\\/fr\\\/#organization\",\"name\":\"Kinder aus der Klemme Biel\",\"url\":\"https:\\\/\\\/kadk-sdle.ch\\\/fr\\\/\",\"logo\":{\"@type\":\"ImageObject\",\"inLanguage\":\"fr-FR\",\"@id\":\"https:\\\/\\\/kadk-sdle.ch\\\/fr\\\/#\\\/schema\\\/logo\\\/image\\\/\",\"url\":\"https:\\\/\\\/kadk-sdle.ch\\\/wp-content\\\/uploads\\\/2025\\\/04\\\/bordeu.png\",\"contentUrl\":\"https:\\\/\\\/kadk-sdle.ch\\\/wp-content\\\/uploads\\\/2025\\\/04\\\/bordeu.png\",\"width\":2129,\"height\":577,\"caption\":\"Kinder aus der Klemme Biel\"},\"image\":{\"@id\":\"https:\\\/\\\/kadk-sdle.ch\\\/fr\\\/#\\\/schema\\\/logo\\\/image\\\/\"}}]}<\/script>\n<!-- \/ Yoast SEO plugin. -->","yoast_head_json":{"title":"Sortir de l'\u00e9tau Bienne - Sortire de l&#039;\u00e9tau Bienne","description":"En avez-vous assez des conflits ? Aspirez-vous \u00e0 des moments de l\u00e9g\u00e8ret\u00e9 avec vos enfants ? Le programme \u00ab Sortir de l\u2019\u00e9tau \u00bb vous aide \u00e0 remettre vos enfants au centre de vos priorit\u00e9s \u2013 tout en grandissant personnellement, car vous resterez parents toute votre vie.","robots":{"index":"index","follow":"follow","max-snippet":"max-snippet:-1","max-image-preview":"max-image-preview:large","max-video-preview":"max-video-preview:-1"},"canonical":"https:\/\/kadk-sdle.ch\/fr\/","og_locale":"fr_FR","og_type":"article","og_title":"Sortir de l'\u00e9tau Bienne - Sortire de l&#039;\u00e9tau Bienne","og_description":"En avez-vous assez des conflits ? Aspirez-vous \u00e0 des moments de l\u00e9g\u00e8ret\u00e9 avec vos enfants ? Le programme \u00ab Sortir de l\u2019\u00e9tau \u00bb vous aide \u00e0 remettre vos enfants au centre de vos priorit\u00e9s \u2013 tout en grandissant personnellement, car vous resterez parents toute votre vie.","og_url":"https:\/\/kadk-sdle.ch\/fr\/","og_site_name":"Sortire de l&#039;\u00e9tau Bienne","article_modified_time":"2025-05-29T13:10:21+00:00","og_image":[{"url":"https:\/\/kadk-sdle.ch\/wp-content\/plugins\/elementor\/assets\/images\/placeholder.png","type":"","width":"","height":""}],"twitter_card":"summary_large_image","twitter_misc":{"Dur\u00e9e de lecture estim\u00e9e":"2 minutes"},"schema":{"@context":"https:\/\/schema.org","@graph":[{"@type":"WebPage","@id":"https:\/\/kadk-sdle.ch\/fr\/","url":"https:\/\/kadk-sdle.ch\/fr\/","name":"Sortir de l'\u00e9tau Bienne - Sortire de l&#039;\u00e9tau Bienne","isPartOf":{"@id":"https:\/\/kadk-sdle.ch\/fr\/#website"},"primaryImageOfPage":{"@id":"https:\/\/kadk-sdle.ch\/fr\/#primaryimage"},"image":{"@id":"https:\/\/kadk-sdle.ch\/fr\/#primaryimage"},"thumbnailUrl":"https:\/\/kadk-sdle.ch\/wp-content\/plugins\/elementor\/assets\/images\/placeholder.png","datePublished":"2025-04-02T09:57:18+00:00","dateModified":"2025-05-29T13:10:21+00:00","description":"En avez-vous assez des conflits ? Aspirez-vous \u00e0 des moments de l\u00e9g\u00e8ret\u00e9 avec vos enfants ? Le programme \u00ab Sortir de l\u2019\u00e9tau \u00bb vous aide \u00e0 remettre vos enfants au centre de vos priorit\u00e9s \u2013 tout en grandissant personnellement, car vous resterez parents toute votre vie.","breadcrumb":{"@id":"https:\/\/kadk-sdle.ch\/fr\/#breadcrumb"},"inLanguage":"fr-FR","potentialAction":[{"@type":"ReadAction","target":["https:\/\/kadk-sdle.ch\/fr\/"]}]},{"@type":"ImageObject","inLanguage":"fr-FR","@id":"https:\/\/kadk-sdle.ch\/fr\/#primaryimage","url":"https:\/\/kadk-sdle.ch\/wp-content\/plugins\/elementor\/assets\/images\/placeholder.png","contentUrl":"https:\/\/kadk-sdle.ch\/wp-content\/plugins\/elementor\/assets\/images\/placeholder.png"},{"@type":"BreadcrumbList","@id":"https:\/\/kadk-sdle.ch\/fr\/#breadcrumb","itemListElement":[{"@type":"ListItem","position":1,"name":"Startseite","item":"https:\/\/kadk-sdle.ch\/fr\/"},{"@type":"ListItem","position":2,"name":"Sortir de l&rsquo;\u00e9tau Bienne"}]},{"@type":"WebSite","@id":"https:\/\/kadk-sdle.ch\/fr\/#website","url":"https:\/\/kadk-sdle.ch\/fr\/","name":"Kinder aus der Klemme Biel","description":"Groupes multifamiliaux, un soutien face aux s\u00e9parations conflictuelles","publisher":{"@id":"https:\/\/kadk-sdle.ch\/fr\/#organization"},"potentialAction":[{"@type":"SearchAction","target":{"@type":"EntryPoint","urlTemplate":"https:\/\/kadk-sdle.ch\/fr\/?s={search_term_string}"},"query-input":{"@type":"PropertyValueSpecification","valueRequired":true,"valueName":"search_term_string"}}],"inLanguage":"fr-FR"},{"@type":"Organization","@id":"https:\/\/kadk-sdle.ch\/fr\/#organization","name":"Kinder aus der Klemme Biel","url":"https:\/\/kadk-sdle.ch\/fr\/","logo":{"@type":"ImageObject","inLanguage":"fr-FR","@id":"https:\/\/kadk-sdle.ch\/fr\/#\/schema\/logo\/image\/","url":"https:\/\/kadk-sdle.ch\/wp-content\/uploads\/2025\/04\/bordeu.png","contentUrl":"https:\/\/kadk-sdle.ch\/wp-content\/uploads\/2025\/04\/bordeu.png","width":2129,"height":577,"caption":"Kinder aus der Klemme Biel"},"image":{"@id":"https:\/\/kadk-sdle.ch\/fr\/#\/schema\/logo\/image\/"}}]}},"_links":{"self":[{"href":"https:\/\/kadk-sdle.ch\/fr\/wp-json\/wp\/v2\/pages\/842","targetHints":{"allow":["GET"]}}],"collection":[{"href":"https:\/\/kadk-sdle.ch\/fr\/wp-json\/wp\/v2\/pages"}],"about":[{"href":"https:\/\/kadk-sdle.ch\/fr\/wp-json\/wp\/v2\/types\/page"}],"author":[{"embeddable":true,"href":"https:\/\/kadk-sdle.ch\/fr\/wp-json\/wp\/v2\/users\/1"}],"replies":[{"embeddable":true,"href":"https:\/\/kadk-sdle.ch\/fr\/wp-json\/wp\/v2\/comments?post=842"}],"version-history":[{"count":21,"href":"https:\/\/kadk-sdle.ch\/fr\/wp-json\/wp\/v2\/pages\/842\/revisions"}],"predecessor-version":[{"id":1203,"href":"https:\/\/kadk-sdle.ch\/fr\/wp-json\/wp\/v2\/pages\/842\/revisions\/1203"}],"wp:attachment":[{"href":"https:\/\/kadk-sdle.ch\/fr\/wp-json\/wp\/v2\/media?parent=842"}],"curies":[{"name":"wp","href":"https:\/\/api.w.org\/{rel}","templated":true}]}}