{"id":822,"date":"2025-04-17T11:47:08","date_gmt":"2025-04-17T11:47:08","guid":{"rendered":"https:\/\/kadk-sdle.ch\/professionnels\/"},"modified":"2025-06-11T13:44:28","modified_gmt":"2025-06-11T13:44:28","slug":"professionnels","status":"publish","type":"page","link":"https:\/\/kadk-sdle.ch\/fr\/professionnels\/","title":{"rendered":"Professionnels"},"content":{"rendered":"\t\t<div data-elementor-type=\"wp-page\" data-elementor-id=\"822\" class=\"elementor elementor-822 elementor-454\" data-elementor-post-type=\"page\">\n\t\t\t\t<div class=\"elementor-element elementor-element-75d474e9 e-flex e-con-boxed e-con e-parent\" data-id=\"75d474e9\" data-element_type=\"container\" data-e-type=\"container\">\n\t\t\t\t\t<div class=\"e-con-inner\">\n\t\t\t\t<div class=\"elementor-element elementor-element-4057a0c3 elementor-widget elementor-widget-text-editor\" data-id=\"4057a0c3\" data-element_type=\"widget\" data-e-type=\"widget\" data-widget_type=\"text-editor.default\">\n\t\t\t\t<div class=\"elementor-widget-container\">\n\t\t\t\t\t\t\t\t\t<h2><span style=\"color: #993366;\">Vous avez tout essay\u00e9, mais vous ne parvenez pas sortir du conflit ?<\/span><\/h2>\n<p>Environ 40% de tous les mariages se soldent par un divorce et les proportions sont similaires pour les couples non mari\u00e9s. Un couple sur dix, recherche de l\u2019aide aupr\u00e8s des autorit\u00e9s ou des tribunaux. 30 \u00e0 50% des couples vivent une <a href=\"#popup-hochstrittig\">s\u00e9paration tr\u00e9s conflictuelle<\/a>, avec un besoin \u00e9lev\u00e9 de soutien professionnel : accompagnement des droits de visite, curatelle, soutien socio-p\u00e9dagogique de la famille, m\u00e9diation, soutien psychologique pour les enfants et les parents, expertises judiciaires.<br \/>Malheureusement, dans les situations de s\u00e9paration tr\u00e8s conflictuelles, ces aides restent souvent inefficaces. M\u00eames des m\u00e9diateurs exp\u00e9riment\u00e9s rapportent des \u00e9checs et les p\u00e9dopsychologues disent de ne pas pouvoir d\u00e9samorcer le stress des enfants autant que le conflit perdure. Les parents, l\u2019entourage et les professionnels se sentent de plus en plus impuissants.<br \/><span style=\"font-family: -apple-system, BlinkMacSystemFont, 'Segoe UI', Roboto, 'Helvetica Neue', Arial, 'Noto Sans', sans-serif, 'Apple Color Emoji', 'Segoe UI Emoji', 'Segoe UI Symbol', 'Noto Color Emoji';\">.<\/span><\/p>\n<h2><span style=\"color: #993366;\">Qu\u2019est-ce-qui est diff\u00e9rent dans le programme \u00ab Sortir de l\u2019\u00e9tau \u00bb <\/span><\/h2>\n<p>Contrairement aux approches pr\u00e9c\u00e9dentes, Justine van Lawick et Margreet Visser, qui ont d\u00e9velopp\u00e9 ce concept aux Pays-Bas dans les ann\u00e9es 90, partent du principe que les parents tr\u00e8s conflictuels ne sont pas difficiles \u00e0 atteindre en soi, mais que l&rsquo;approche individuelle et centr\u00e9e sur la famille nucl\u00e9aire n&rsquo;est pas la meilleure pour eux. Entre-temps, l\u2019efficacit\u00e9 de ce programme fortement structur\u00e9 a \u00e9t\u00e9 prouv\u00e9e scientifiquement.<\/p>\n<ul>\n<li>Pendant huit s\u00e9ances les cinq \u00e0 sept dyades parentales travaillent ensemble sur leurs sch\u00e9mas conflictuels avec l\u2019aide de deux mod\u00e9rateurs*rices<\/li>\n<li>Dans le m\u00eame temps, leurs enfants (4-16 ans) se retrouvent dans un groupe parall\u00e8le afin d\u2019\u00e9changer sur leur v\u00e9cu et la mani\u00e8re dont le conflit parental les affecte. Ils sont aussi accompagn\u00e9s de deux mod\u00e9rateurs*rices sp\u00e9cialement form\u00e9s pour les enfants.<\/li>\n<li>Le r\u00e9seau social et la famille \u00e9largie soutient les parents dans les processus de changement.<\/li>\n<\/ul>\n<p>Depuis 2021, le programme est \u00e9galement propos\u00e9 en Suisse et jouit d\u2019une popularit\u00e9 croissante. Jusqu\u2019\u00e0 pr\u00e9sent, il existe des groupes \u00e0 Soleure, Berne, Winterthour, Schaffouse et Gen\u00e8ve. A Bienne le premier cours d\u00e9bute apr\u00e8s les vacances d\u2019\u00e9t\u00e9 2025 sous forme de cours bilingue (fran\u00e7ais\/allemand).<\/p>\n<h2><span style=\"color: #993366;\">Connaissez-vous des parents qui pourraient b\u00e9n\u00e9ficier du programme ?<\/span><\/h2>\n<p><span style=\"color: #993366;\"><strong>N\u2019h\u00e9sitez pas \u00e0 nous <a href=\"https:\/\/kadk-sdle.ch\/fr\/contact\/\">contacter<\/a>!<\/strong><\/span><\/p>\n\t\t\t\t\t\t\t\t<\/div>\n\t\t\t\t<\/div>\n\t\t\t\t\t<\/div>\n\t\t\t\t<\/div>\n\t\t<div class=\"elementor-element elementor-element-ce40404 e-flex e-con-boxed e-con e-parent\" data-id=\"ce40404\" data-element_type=\"container\" data-e-type=\"container\" data-settings=\"{&quot;background_background&quot;:&quot;classic&quot;}\">\n\t\t\t\t\t<div class=\"e-con-inner\">\n\t\t\t\t<div class=\"elementor-element elementor-element-fcd006f elementor-widget elementor-widget-testimonial\" data-id=\"fcd006f\" data-element_type=\"widget\" data-e-type=\"widget\" data-widget_type=\"testimonial.default\">\n\t\t\t\t<div class=\"elementor-widget-container\">\n\t\t\t\t\t\t\t<div class=\"elementor-testimonial-wrapper\">\n\t\t\t\t\t\t\t<div class=\"elementor-testimonial-content\"><p>Sortir de l'\u00e9tau \u00e9tait mon dernier espoir de sortir de la spirale descendante avec mon ex-femme et de l'ali\u00e9nation de mon enfant. L'intensit\u00e9 du programme, l'approche et le professionnalisme des moderateurs m'ont permis de m'engager dans le changement et de me d\u00e9tacher de mes anciens sch\u00e9mas. Aujourd'hui, j'ai \u00e0 nouveau un bon contact avec mon enfant et je peux \u00eatre parent avec mon ancienne compagne. Je suis tr\u00e8s reconnaissant de ce soutien.<\/p>\n<\/div>\n\t\t\t\n\t\t\t\t\t\t<div class=\"elementor-testimonial-meta elementor-has-image elementor-testimonial-image-position-aside\">\n\t\t\t\t<div class=\"elementor-testimonial-meta-inner\">\n\t\t\t\t\t\t\t\t\t\t\t<div class=\"elementor-testimonial-image\">\n\t\t\t\t\t\t\t<img decoding=\"async\" src=\"https:\/\/kadk-sdle.ch\/wp-content\/plugins\/elementor\/assets\/images\/placeholder.png\" title=\"\" alt=\"\" loading=\"lazy\" \/>\t\t\t\t\t\t<\/div>\n\t\t\t\t\t\n\t\t\t\t\t\t\t\t\t\t<div class=\"elementor-testimonial-details\">\n\t\t\t\t\t\t\t\t\t\t\t\t\t\t<div class=\"elementor-testimonial-name\">M. p\u00e8re de M. (8 ans)<\/div>\n\t\t\t\t\t\t\t\t\t\t\t\t\t\t\t\t\t\t\t<\/div>\n\t\t\t\t\t\t\t\t\t<\/div>\n\t\t\t<\/div>\n\t\t\t\t\t<\/div>\n\t\t\t\t\t\t<\/div>\n\t\t\t\t<\/div>\n\t\t\t\t\t<\/div>\n\t\t\t\t<\/div>\n\t\t\t\t<\/div>\n\t\t","protected":false},"excerpt":{"rendered":"<p>Vous avez tout essay\u00e9, mais vous ne parvenez pas sortir du conflit ? Environ 40% de tous les mariages se soldent par un divorce et les proportions sont similaires pour les couples non mari\u00e9s. Un couple sur dix, recherche de l\u2019aide aupr\u00e8s des autorit\u00e9s ou des tribunaux. 30 \u00e0 50% des couples vivent une s\u00e9paration [&hellip;]<\/p>\n","protected":false},"author":1,"featured_media":0,"parent":0,"menu_order":0,"comment_status":"closed","ping_status":"closed","template":"","meta":{"footnotes":""},"class_list":["post-822","page","type-page","status-publish","hentry"],"yoast_head":"<!-- This site is optimized with the Yoast SEO plugin v27.5 - https:\/\/yoast.com\/product\/yoast-seo-wordpress\/ -->\n<title>Professionnels - Sortire de l&#039;\u00e9tau Bienne<\/title>\n<meta name=\"robots\" content=\"index, follow, max-snippet:-1, max-image-preview:large, max-video-preview:-1\" \/>\n<link rel=\"canonical\" href=\"https:\/\/kadk-sdle.ch\/fr\/professionnels\/\" \/>\n<meta property=\"og:locale\" content=\"fr_FR\" \/>\n<meta property=\"og:type\" content=\"article\" \/>\n<meta property=\"og:title\" content=\"Professionnels - Sortire de l&#039;\u00e9tau Bienne\" \/>\n<meta property=\"og:description\" content=\"Vous avez tout essay\u00e9, mais vous ne parvenez pas sortir du conflit ? Environ 40% de tous les mariages se soldent par un divorce et les proportions sont similaires pour les couples non mari\u00e9s. Un couple sur dix, recherche de l\u2019aide aupr\u00e8s des autorit\u00e9s ou des tribunaux. 30 \u00e0 50% des couples vivent une s\u00e9paration [&hellip;]\" \/>\n<meta property=\"og:url\" content=\"https:\/\/kadk-sdle.ch\/fr\/professionnels\/\" \/>\n<meta property=\"og:site_name\" content=\"Sortire de l&#039;\u00e9tau Bienne\" \/>\n<meta property=\"article:modified_time\" content=\"2025-06-11T13:44:28+00:00\" \/>\n<meta property=\"og:image\" content=\"https:\/\/kadk-sdle.ch\/wp-content\/plugins\/elementor\/assets\/images\/placeholder.png\" \/>\n<meta name=\"twitter:card\" content=\"summary_large_image\" \/>\n<meta name=\"twitter:label1\" content=\"Dur\u00e9e de lecture estim\u00e9e\" \/>\n\t<meta name=\"twitter:data1\" content=\"2 minutes\" \/>\n<script type=\"application\/ld+json\" class=\"yoast-schema-graph\">{\"@context\":\"https:\\\/\\\/schema.org\",\"@graph\":[{\"@type\":\"WebPage\",\"@id\":\"https:\\\/\\\/kadk-sdle.ch\\\/fr\\\/professionnels\\\/\",\"url\":\"https:\\\/\\\/kadk-sdle.ch\\\/fr\\\/professionnels\\\/\",\"name\":\"Professionnels - Sortire de l&#039;\u00e9tau Bienne\",\"isPartOf\":{\"@id\":\"https:\\\/\\\/kadk-sdle.ch\\\/fr\\\/#website\"},\"primaryImageOfPage\":{\"@id\":\"https:\\\/\\\/kadk-sdle.ch\\\/fr\\\/professionnels\\\/#primaryimage\"},\"image\":{\"@id\":\"https:\\\/\\\/kadk-sdle.ch\\\/fr\\\/professionnels\\\/#primaryimage\"},\"thumbnailUrl\":\"https:\\\/\\\/kadk-sdle.ch\\\/wp-content\\\/plugins\\\/elementor\\\/assets\\\/images\\\/placeholder.png\",\"datePublished\":\"2025-04-17T11:47:08+00:00\",\"dateModified\":\"2025-06-11T13:44:28+00:00\",\"breadcrumb\":{\"@id\":\"https:\\\/\\\/kadk-sdle.ch\\\/fr\\\/professionnels\\\/#breadcrumb\"},\"inLanguage\":\"fr-FR\",\"potentialAction\":[{\"@type\":\"ReadAction\",\"target\":[\"https:\\\/\\\/kadk-sdle.ch\\\/fr\\\/professionnels\\\/\"]}]},{\"@type\":\"ImageObject\",\"inLanguage\":\"fr-FR\",\"@id\":\"https:\\\/\\\/kadk-sdle.ch\\\/fr\\\/professionnels\\\/#primaryimage\",\"url\":\"https:\\\/\\\/kadk-sdle.ch\\\/wp-content\\\/plugins\\\/elementor\\\/assets\\\/images\\\/placeholder.png\",\"contentUrl\":\"https:\\\/\\\/kadk-sdle.ch\\\/wp-content\\\/plugins\\\/elementor\\\/assets\\\/images\\\/placeholder.png\"},{\"@type\":\"BreadcrumbList\",\"@id\":\"https:\\\/\\\/kadk-sdle.ch\\\/fr\\\/professionnels\\\/#breadcrumb\",\"itemListElement\":[{\"@type\":\"ListItem\",\"position\":1,\"name\":\"Startseite\",\"item\":\"https:\\\/\\\/kadk-sdle.ch\\\/fr\\\/\"},{\"@type\":\"ListItem\",\"position\":2,\"name\":\"Professionnels\"}]},{\"@type\":\"WebSite\",\"@id\":\"https:\\\/\\\/kadk-sdle.ch\\\/fr\\\/#website\",\"url\":\"https:\\\/\\\/kadk-sdle.ch\\\/fr\\\/\",\"name\":\"Kinder aus der Klemme Biel\",\"description\":\"Groupes multifamiliaux, un soutien face aux s\u00e9parations conflictuelles\",\"publisher\":{\"@id\":\"https:\\\/\\\/kadk-sdle.ch\\\/fr\\\/#organization\"},\"potentialAction\":[{\"@type\":\"SearchAction\",\"target\":{\"@type\":\"EntryPoint\",\"urlTemplate\":\"https:\\\/\\\/kadk-sdle.ch\\\/fr\\\/?s={search_term_string}\"},\"query-input\":{\"@type\":\"PropertyValueSpecification\",\"valueRequired\":true,\"valueName\":\"search_term_string\"}}],\"inLanguage\":\"fr-FR\"},{\"@type\":\"Organization\",\"@id\":\"https:\\\/\\\/kadk-sdle.ch\\\/fr\\\/#organization\",\"name\":\"Kinder aus der Klemme Biel\",\"url\":\"https:\\\/\\\/kadk-sdle.ch\\\/fr\\\/\",\"logo\":{\"@type\":\"ImageObject\",\"inLanguage\":\"fr-FR\",\"@id\":\"https:\\\/\\\/kadk-sdle.ch\\\/fr\\\/#\\\/schema\\\/logo\\\/image\\\/\",\"url\":\"https:\\\/\\\/kadk-sdle.ch\\\/wp-content\\\/uploads\\\/2025\\\/04\\\/bordeu.png\",\"contentUrl\":\"https:\\\/\\\/kadk-sdle.ch\\\/wp-content\\\/uploads\\\/2025\\\/04\\\/bordeu.png\",\"width\":2129,\"height\":577,\"caption\":\"Kinder aus der Klemme Biel\"},\"image\":{\"@id\":\"https:\\\/\\\/kadk-sdle.ch\\\/fr\\\/#\\\/schema\\\/logo\\\/image\\\/\"}}]}<\/script>\n<!-- \/ Yoast SEO plugin. -->","yoast_head_json":{"title":"Professionnels - Sortire de l&#039;\u00e9tau Bienne","robots":{"index":"index","follow":"follow","max-snippet":"max-snippet:-1","max-image-preview":"max-image-preview:large","max-video-preview":"max-video-preview:-1"},"canonical":"https:\/\/kadk-sdle.ch\/fr\/professionnels\/","og_locale":"fr_FR","og_type":"article","og_title":"Professionnels - Sortire de l&#039;\u00e9tau Bienne","og_description":"Vous avez tout essay\u00e9, mais vous ne parvenez pas sortir du conflit ? Environ 40% de tous les mariages se soldent par un divorce et les proportions sont similaires pour les couples non mari\u00e9s. Un couple sur dix, recherche de l\u2019aide aupr\u00e8s des autorit\u00e9s ou des tribunaux. 30 \u00e0 50% des couples vivent une s\u00e9paration [&hellip;]","og_url":"https:\/\/kadk-sdle.ch\/fr\/professionnels\/","og_site_name":"Sortire de l&#039;\u00e9tau Bienne","article_modified_time":"2025-06-11T13:44:28+00:00","og_image":[{"url":"https:\/\/kadk-sdle.ch\/wp-content\/plugins\/elementor\/assets\/images\/placeholder.png","type":"","width":"","height":""}],"twitter_card":"summary_large_image","twitter_misc":{"Dur\u00e9e de lecture estim\u00e9e":"2 minutes"},"schema":{"@context":"https:\/\/schema.org","@graph":[{"@type":"WebPage","@id":"https:\/\/kadk-sdle.ch\/fr\/professionnels\/","url":"https:\/\/kadk-sdle.ch\/fr\/professionnels\/","name":"Professionnels - Sortire de l&#039;\u00e9tau Bienne","isPartOf":{"@id":"https:\/\/kadk-sdle.ch\/fr\/#website"},"primaryImageOfPage":{"@id":"https:\/\/kadk-sdle.ch\/fr\/professionnels\/#primaryimage"},"image":{"@id":"https:\/\/kadk-sdle.ch\/fr\/professionnels\/#primaryimage"},"thumbnailUrl":"https:\/\/kadk-sdle.ch\/wp-content\/plugins\/elementor\/assets\/images\/placeholder.png","datePublished":"2025-04-17T11:47:08+00:00","dateModified":"2025-06-11T13:44:28+00:00","breadcrumb":{"@id":"https:\/\/kadk-sdle.ch\/fr\/professionnels\/#breadcrumb"},"inLanguage":"fr-FR","potentialAction":[{"@type":"ReadAction","target":["https:\/\/kadk-sdle.ch\/fr\/professionnels\/"]}]},{"@type":"ImageObject","inLanguage":"fr-FR","@id":"https:\/\/kadk-sdle.ch\/fr\/professionnels\/#primaryimage","url":"https:\/\/kadk-sdle.ch\/wp-content\/plugins\/elementor\/assets\/images\/placeholder.png","contentUrl":"https:\/\/kadk-sdle.ch\/wp-content\/plugins\/elementor\/assets\/images\/placeholder.png"},{"@type":"BreadcrumbList","@id":"https:\/\/kadk-sdle.ch\/fr\/professionnels\/#breadcrumb","itemListElement":[{"@type":"ListItem","position":1,"name":"Startseite","item":"https:\/\/kadk-sdle.ch\/fr\/"},{"@type":"ListItem","position":2,"name":"Professionnels"}]},{"@type":"WebSite","@id":"https:\/\/kadk-sdle.ch\/fr\/#website","url":"https:\/\/kadk-sdle.ch\/fr\/","name":"Kinder aus der Klemme Biel","description":"Groupes multifamiliaux, un soutien face aux s\u00e9parations conflictuelles","publisher":{"@id":"https:\/\/kadk-sdle.ch\/fr\/#organization"},"potentialAction":[{"@type":"SearchAction","target":{"@type":"EntryPoint","urlTemplate":"https:\/\/kadk-sdle.ch\/fr\/?s={search_term_string}"},"query-input":{"@type":"PropertyValueSpecification","valueRequired":true,"valueName":"search_term_string"}}],"inLanguage":"fr-FR"},{"@type":"Organization","@id":"https:\/\/kadk-sdle.ch\/fr\/#organization","name":"Kinder aus der Klemme Biel","url":"https:\/\/kadk-sdle.ch\/fr\/","logo":{"@type":"ImageObject","inLanguage":"fr-FR","@id":"https:\/\/kadk-sdle.ch\/fr\/#\/schema\/logo\/image\/","url":"https:\/\/kadk-sdle.ch\/wp-content\/uploads\/2025\/04\/bordeu.png","contentUrl":"https:\/\/kadk-sdle.ch\/wp-content\/uploads\/2025\/04\/bordeu.png","width":2129,"height":577,"caption":"Kinder aus der Klemme Biel"},"image":{"@id":"https:\/\/kadk-sdle.ch\/fr\/#\/schema\/logo\/image\/"}}]}},"_links":{"self":[{"href":"https:\/\/kadk-sdle.ch\/fr\/wp-json\/wp\/v2\/pages\/822","targetHints":{"allow":["GET"]}}],"collection":[{"href":"https:\/\/kadk-sdle.ch\/fr\/wp-json\/wp\/v2\/pages"}],"about":[{"href":"https:\/\/kadk-sdle.ch\/fr\/wp-json\/wp\/v2\/types\/page"}],"author":[{"embeddable":true,"href":"https:\/\/kadk-sdle.ch\/fr\/wp-json\/wp\/v2\/users\/1"}],"replies":[{"embeddable":true,"href":"https:\/\/kadk-sdle.ch\/fr\/wp-json\/wp\/v2\/comments?post=822"}],"version-history":[{"count":17,"href":"https:\/\/kadk-sdle.ch\/fr\/wp-json\/wp\/v2\/pages\/822\/revisions"}],"predecessor-version":[{"id":1259,"href":"https:\/\/kadk-sdle.ch\/fr\/wp-json\/wp\/v2\/pages\/822\/revisions\/1259"}],"wp:attachment":[{"href":"https:\/\/kadk-sdle.ch\/fr\/wp-json\/wp\/v2\/media?parent=822"}],"curies":[{"name":"wp","href":"https:\/\/api.w.org\/{rel}","templated":true}]}}