{"id":820,"date":"2025-04-17T11:43:45","date_gmt":"2025-04-17T11:43:45","guid":{"rendered":"https:\/\/kadk-sdle.ch\/cursus\/dates\/"},"modified":"2026-03-30T15:42:03","modified_gmt":"2026-03-30T15:42:03","slug":"dates","status":"publish","type":"page","link":"https:\/\/kadk-sdle.ch\/fr\/cursus\/dates\/","title":{"rendered":"Dates"},"content":{"rendered":"<h2>Cursus 2026<\/h2>\n<p>Ort: EduParc, Rue de l&rsquo;avenir 56, 2501 Bienne<\/p>\n<table class=\"custom-table\">\n<tbody>\n<tr>\n<td><strong>Datum<\/strong><\/td>\n<td><\/td>\n<\/tr>\n<tr>\n<td>Mi. 12.08.26<br \/>\n18:15 \u2013 20:15 Uhr<\/td>\n<td><span style=\"color: #993366;\"><strong>Soir\u00e9e de r\u00e9seau<\/strong><\/span><br \/>\nPour les parents et leurs personnes de r\u00e9seau<\/td>\n<\/tr>\n<tr>\n<td><\/td>\n<td><\/td>\n<\/tr>\n<tr>\n<td colspan=\"2\"><span style=\"color: #993366;\"><strong>S\u00e9ances de groupe pour les parents et les enfants<\/strong><\/span><br \/>\nles mercredi 16h00 \u2013 18h00 (y compris une pause de 20 minutes avec go\u00fbter)<\/td>\n<\/tr>\n<tr>\n<td>19.08.26<\/td>\n<td>1re s\u00e9ance<\/td>\n<\/tr>\n<tr>\n<td>2.09.26<\/td>\n<td>2e s\u00e9ance<\/td>\n<\/tr>\n<tr>\n<td>16.09.26<\/td>\n<td>3e s\u00e9ance<\/td>\n<\/tr>\n<tr>\n<td>14.10.26<\/td>\n<td>4e s\u00e9ance<\/td>\n<\/tr>\n<tr>\n<td>28.10.26<\/td>\n<td>5e s\u00e9ance<\/td>\n<\/tr>\n<tr>\n<td>11.11.26<\/td>\n<td>6e s\u00e9ance<\/td>\n<\/tr>\n<tr>\n<td>25.11.26<\/td>\n<td>7e s\u00e9ance<\/td>\n<\/tr>\n<tr>\n<td>9.12.26<\/td>\n<td>8e s\u00e9ance<\/td>\n<\/tr>\n<tr>\n<td><\/td>\n<td><\/td>\n<\/tr>\n<\/tbody>\n<\/table>\n","protected":false},"excerpt":{"rendered":"<p>Cursus 2026 Ort: EduParc, Rue de l&rsquo;avenir 56, 2501 Bienne Datum Mi. 12.08.26 18:15 \u2013 20:15 Uhr Soir\u00e9e de r\u00e9seau Pour les parents et leurs personnes de r\u00e9seau S\u00e9ances de groupe pour les parents et les enfants les mercredi 16h00 \u2013 18h00 (y compris une pause de 20 minutes avec go\u00fbter) 19.08.26 1re s\u00e9ance 2.09.26 [&hellip;]<\/p>\n","protected":false},"author":1,"featured_media":0,"parent":816,"menu_order":0,"comment_status":"closed","ping_status":"closed","template":"","meta":{"footnotes":""},"class_list":["post-820","page","type-page","status-publish","hentry"],"yoast_head":"<!-- This site is optimized with the Yoast SEO plugin v27.5 - https:\/\/yoast.com\/product\/yoast-seo-wordpress\/ -->\n<title>Dates - Sortire de l&#039;\u00e9tau Bienne<\/title>\n<meta name=\"robots\" content=\"index, follow, max-snippet:-1, max-image-preview:large, max-video-preview:-1\" \/>\n<link rel=\"canonical\" href=\"https:\/\/kadk-sdle.ch\/fr\/cursus\/dates\/\" \/>\n<meta property=\"og:locale\" content=\"fr_FR\" \/>\n<meta property=\"og:type\" content=\"article\" \/>\n<meta property=\"og:title\" content=\"Dates - Sortire de l&#039;\u00e9tau Bienne\" \/>\n<meta property=\"og:description\" content=\"Cursus 2026 Ort: EduParc, Rue de l&rsquo;avenir 56, 2501 Bienne Datum Mi. 12.08.26 18:15 \u2013 20:15 Uhr Soir\u00e9e de r\u00e9seau Pour les parents et leurs personnes de r\u00e9seau S\u00e9ances de groupe pour les parents et les enfants les mercredi 16h00 \u2013 18h00 (y compris une pause de 20 minutes avec go\u00fbter) 19.08.26 1re s\u00e9ance 2.09.26 [&hellip;]\" \/>\n<meta property=\"og:url\" content=\"https:\/\/kadk-sdle.ch\/fr\/cursus\/dates\/\" \/>\n<meta property=\"og:site_name\" content=\"Sortire de l&#039;\u00e9tau Bienne\" \/>\n<meta property=\"article:modified_time\" content=\"2026-03-30T15:42:03+00:00\" \/>\n<meta name=\"twitter:card\" content=\"summary_large_image\" \/>\n<meta name=\"twitter:label1\" content=\"Dur\u00e9e de lecture estim\u00e9e\" \/>\n\t<meta name=\"twitter:data1\" content=\"1 minute\" \/>\n<script type=\"application\/ld+json\" class=\"yoast-schema-graph\">{\"@context\":\"https:\\\/\\\/schema.org\",\"@graph\":[{\"@type\":\"WebPage\",\"@id\":\"https:\\\/\\\/kadk-sdle.ch\\\/fr\\\/cursus\\\/dates\\\/\",\"url\":\"https:\\\/\\\/kadk-sdle.ch\\\/fr\\\/cursus\\\/dates\\\/\",\"name\":\"Dates - Sortire de l&#039;\u00e9tau Bienne\",\"isPartOf\":{\"@id\":\"https:\\\/\\\/kadk-sdle.ch\\\/fr\\\/#website\"},\"datePublished\":\"2025-04-17T11:43:45+00:00\",\"dateModified\":\"2026-03-30T15:42:03+00:00\",\"breadcrumb\":{\"@id\":\"https:\\\/\\\/kadk-sdle.ch\\\/fr\\\/cursus\\\/dates\\\/#breadcrumb\"},\"inLanguage\":\"fr-FR\",\"potentialAction\":[{\"@type\":\"ReadAction\",\"target\":[\"https:\\\/\\\/kadk-sdle.ch\\\/fr\\\/cursus\\\/dates\\\/\"]}]},{\"@type\":\"BreadcrumbList\",\"@id\":\"https:\\\/\\\/kadk-sdle.ch\\\/fr\\\/cursus\\\/dates\\\/#breadcrumb\",\"itemListElement\":[{\"@type\":\"ListItem\",\"position\":1,\"name\":\"Startseite\",\"item\":\"https:\\\/\\\/kadk-sdle.ch\\\/fr\\\/\"},{\"@type\":\"ListItem\",\"position\":2,\"name\":\"Cursus\",\"item\":\"https:\\\/\\\/kadk-sdle.ch\\\/fr\\\/cursus\\\/\"},{\"@type\":\"ListItem\",\"position\":3,\"name\":\"Dates\"}]},{\"@type\":\"WebSite\",\"@id\":\"https:\\\/\\\/kadk-sdle.ch\\\/fr\\\/#website\",\"url\":\"https:\\\/\\\/kadk-sdle.ch\\\/fr\\\/\",\"name\":\"Kinder aus der Klemme Biel\",\"description\":\"Groupes multifamiliaux, un soutien face aux s\u00e9parations conflictuelles\",\"publisher\":{\"@id\":\"https:\\\/\\\/kadk-sdle.ch\\\/fr\\\/#organization\"},\"potentialAction\":[{\"@type\":\"SearchAction\",\"target\":{\"@type\":\"EntryPoint\",\"urlTemplate\":\"https:\\\/\\\/kadk-sdle.ch\\\/fr\\\/?s={search_term_string}\"},\"query-input\":{\"@type\":\"PropertyValueSpecification\",\"valueRequired\":true,\"valueName\":\"search_term_string\"}}],\"inLanguage\":\"fr-FR\"},{\"@type\":\"Organization\",\"@id\":\"https:\\\/\\\/kadk-sdle.ch\\\/fr\\\/#organization\",\"name\":\"Kinder aus der Klemme Biel\",\"url\":\"https:\\\/\\\/kadk-sdle.ch\\\/fr\\\/\",\"logo\":{\"@type\":\"ImageObject\",\"inLanguage\":\"fr-FR\",\"@id\":\"https:\\\/\\\/kadk-sdle.ch\\\/fr\\\/#\\\/schema\\\/logo\\\/image\\\/\",\"url\":\"https:\\\/\\\/kadk-sdle.ch\\\/wp-content\\\/uploads\\\/2025\\\/04\\\/bordeu.png\",\"contentUrl\":\"https:\\\/\\\/kadk-sdle.ch\\\/wp-content\\\/uploads\\\/2025\\\/04\\\/bordeu.png\",\"width\":2129,\"height\":577,\"caption\":\"Kinder aus der Klemme Biel\"},\"image\":{\"@id\":\"https:\\\/\\\/kadk-sdle.ch\\\/fr\\\/#\\\/schema\\\/logo\\\/image\\\/\"}}]}<\/script>\n<!-- \/ Yoast SEO plugin. -->","yoast_head_json":{"title":"Dates - Sortire de l&#039;\u00e9tau Bienne","robots":{"index":"index","follow":"follow","max-snippet":"max-snippet:-1","max-image-preview":"max-image-preview:large","max-video-preview":"max-video-preview:-1"},"canonical":"https:\/\/kadk-sdle.ch\/fr\/cursus\/dates\/","og_locale":"fr_FR","og_type":"article","og_title":"Dates - Sortire de l&#039;\u00e9tau Bienne","og_description":"Cursus 2026 Ort: EduParc, Rue de l&rsquo;avenir 56, 2501 Bienne Datum Mi. 12.08.26 18:15 \u2013 20:15 Uhr Soir\u00e9e de r\u00e9seau Pour les parents et leurs personnes de r\u00e9seau S\u00e9ances de groupe pour les parents et les enfants les mercredi 16h00 \u2013 18h00 (y compris une pause de 20 minutes avec go\u00fbter) 19.08.26 1re s\u00e9ance 2.09.26 [&hellip;]","og_url":"https:\/\/kadk-sdle.ch\/fr\/cursus\/dates\/","og_site_name":"Sortire de l&#039;\u00e9tau Bienne","article_modified_time":"2026-03-30T15:42:03+00:00","twitter_card":"summary_large_image","twitter_misc":{"Dur\u00e9e de lecture estim\u00e9e":"1 minute"},"schema":{"@context":"https:\/\/schema.org","@graph":[{"@type":"WebPage","@id":"https:\/\/kadk-sdle.ch\/fr\/cursus\/dates\/","url":"https:\/\/kadk-sdle.ch\/fr\/cursus\/dates\/","name":"Dates - Sortire de l&#039;\u00e9tau Bienne","isPartOf":{"@id":"https:\/\/kadk-sdle.ch\/fr\/#website"},"datePublished":"2025-04-17T11:43:45+00:00","dateModified":"2026-03-30T15:42:03+00:00","breadcrumb":{"@id":"https:\/\/kadk-sdle.ch\/fr\/cursus\/dates\/#breadcrumb"},"inLanguage":"fr-FR","potentialAction":[{"@type":"ReadAction","target":["https:\/\/kadk-sdle.ch\/fr\/cursus\/dates\/"]}]},{"@type":"BreadcrumbList","@id":"https:\/\/kadk-sdle.ch\/fr\/cursus\/dates\/#breadcrumb","itemListElement":[{"@type":"ListItem","position":1,"name":"Startseite","item":"https:\/\/kadk-sdle.ch\/fr\/"},{"@type":"ListItem","position":2,"name":"Cursus","item":"https:\/\/kadk-sdle.ch\/fr\/cursus\/"},{"@type":"ListItem","position":3,"name":"Dates"}]},{"@type":"WebSite","@id":"https:\/\/kadk-sdle.ch\/fr\/#website","url":"https:\/\/kadk-sdle.ch\/fr\/","name":"Kinder aus der Klemme Biel","description":"Groupes multifamiliaux, un soutien face aux s\u00e9parations conflictuelles","publisher":{"@id":"https:\/\/kadk-sdle.ch\/fr\/#organization"},"potentialAction":[{"@type":"SearchAction","target":{"@type":"EntryPoint","urlTemplate":"https:\/\/kadk-sdle.ch\/fr\/?s={search_term_string}"},"query-input":{"@type":"PropertyValueSpecification","valueRequired":true,"valueName":"search_term_string"}}],"inLanguage":"fr-FR"},{"@type":"Organization","@id":"https:\/\/kadk-sdle.ch\/fr\/#organization","name":"Kinder aus der Klemme Biel","url":"https:\/\/kadk-sdle.ch\/fr\/","logo":{"@type":"ImageObject","inLanguage":"fr-FR","@id":"https:\/\/kadk-sdle.ch\/fr\/#\/schema\/logo\/image\/","url":"https:\/\/kadk-sdle.ch\/wp-content\/uploads\/2025\/04\/bordeu.png","contentUrl":"https:\/\/kadk-sdle.ch\/wp-content\/uploads\/2025\/04\/bordeu.png","width":2129,"height":577,"caption":"Kinder aus der Klemme Biel"},"image":{"@id":"https:\/\/kadk-sdle.ch\/fr\/#\/schema\/logo\/image\/"}}]}},"_links":{"self":[{"href":"https:\/\/kadk-sdle.ch\/fr\/wp-json\/wp\/v2\/pages\/820","targetHints":{"allow":["GET"]}}],"collection":[{"href":"https:\/\/kadk-sdle.ch\/fr\/wp-json\/wp\/v2\/pages"}],"about":[{"href":"https:\/\/kadk-sdle.ch\/fr\/wp-json\/wp\/v2\/types\/page"}],"author":[{"embeddable":true,"href":"https:\/\/kadk-sdle.ch\/fr\/wp-json\/wp\/v2\/users\/1"}],"replies":[{"embeddable":true,"href":"https:\/\/kadk-sdle.ch\/fr\/wp-json\/wp\/v2\/comments?post=820"}],"version-history":[{"count":11,"href":"https:\/\/kadk-sdle.ch\/fr\/wp-json\/wp\/v2\/pages\/820\/revisions"}],"predecessor-version":[{"id":1458,"href":"https:\/\/kadk-sdle.ch\/fr\/wp-json\/wp\/v2\/pages\/820\/revisions\/1458"}],"up":[{"embeddable":true,"href":"https:\/\/kadk-sdle.ch\/fr\/wp-json\/wp\/v2\/pages\/816"}],"wp:attachment":[{"href":"https:\/\/kadk-sdle.ch\/fr\/wp-json\/wp\/v2\/media?parent=820"}],"curies":[{"name":"wp","href":"https:\/\/api.w.org\/{rel}","templated":true}]}}