{"id":818,"date":"2025-04-17T11:44:14","date_gmt":"2025-04-17T11:44:14","guid":{"rendered":"https:\/\/kadk-sdle.ch\/cursus\/equipe\/"},"modified":"2026-04-19T12:32:32","modified_gmt":"2026-04-19T12:32:32","slug":"equipe","status":"publish","type":"page","link":"https:\/\/kadk-sdle.ch\/fr\/cursus\/equipe\/","title":{"rendered":"\u00c9quipe"},"content":{"rendered":"\t\t<div data-elementor-type=\"wp-page\" data-elementor-id=\"818\" class=\"elementor elementor-818 elementor-442\" data-elementor-post-type=\"page\">\n\t\t\t\t<div class=\"elementor-element elementor-element-585bf641 e-flex e-con-boxed e-con e-parent\" data-id=\"585bf641\" data-element_type=\"container\" data-e-type=\"container\">\n\t\t\t\t\t<div class=\"e-con-inner\">\n\t\t\t\t<div class=\"elementor-element elementor-element-4a400cc3 elementor-widget elementor-widget-text-editor\" data-id=\"4a400cc3\" data-element_type=\"widget\" data-e-type=\"widget\" data-widget_type=\"text-editor.default\">\n\t\t\t\t<div class=\"elementor-widget-container\">\n\t\t\t\t\t\t\t\t\t<p>Nous sommes une \u00e9quipe interdisciplinaire qui r\u00e9unit volontairement diff\u00e9rentes exp\u00e9riences professionnelles et personnelles en mati\u00e8re de s\u00e9paration, de divorce et de crises &#8211; notre plus grande force. \u00c0 partir du niveau <a href=\"https:\/\/kadk-sdle.ch\/wp-content\/uploads\/2025\/05\/etapes-escalade.jpg\">3 d&rsquo;escalade<\/a>, les parties en conflit ne peuvent souvent plus g\u00e9rer leur situation seules. Nous pensons qu&rsquo;un soutien professionnel devrait \u00eatre plus pr\u00e9coce et plus naturel en cas de s\u00e9paration avec enfants.<\/p>\n\t\t\t\t\t\t\t\t<\/div>\n\t\t\t\t<\/div>\n\t\t\t\t\t<\/div>\n\t\t\t\t<\/div>\n\t\t<div class=\"elementor-element elementor-element-87b8f71 e-grid e-con-boxed e-con e-parent\" data-id=\"87b8f71\" data-element_type=\"container\" data-e-type=\"container\">\n\t\t\t\t\t<div class=\"e-con-inner\">\n\t\t<div class=\"elementor-element elementor-element-c739a1d e-con-full e-flex e-con e-child\" data-id=\"c739a1d\" data-element_type=\"container\" data-e-type=\"container\">\n\t\t\t\t<div class=\"elementor-element elementor-element-371572c elementor-widget elementor-widget-image\" data-id=\"371572c\" data-element_type=\"widget\" data-e-type=\"widget\" data-widget_type=\"image.default\">\n\t\t\t\t<div class=\"elementor-widget-container\">\n\t\t\t\t\t\t\t\t\t\t\t\t\t\t\t<img decoding=\"async\" src=\"https:\/\/kadk-sdle.ch\/wp-content\/uploads\/elementor\/thumbs\/Marc-Gamma-scaled-e1745765824464-2-r52qhx89e4lqolere1w699tzgtrle007l2hyfhuwu0.jpg\" title=\"Marc-Gamma-scaled-e1745765824464\" alt=\"Marc-Gamma-scaled-e1745765824464\" loading=\"lazy\" \/>\t\t\t\t\t\t\t\t\t\t\t\t\t\t\t<\/div>\n\t\t\t\t<\/div>\n\t\t\t\t<div class=\"elementor-element elementor-element-f8fd0e7 elementor-widget elementor-widget-text-editor\" data-id=\"f8fd0e7\" data-element_type=\"widget\" data-e-type=\"widget\" data-widget_type=\"text-editor.default\">\n\t\t\t\t<div class=\"elementor-widget-container\">\n\t\t\t\t\t\t\t\t\t<p><strong>Marc Gamma<br \/>\n<\/strong>Coach syst\u00e9mique<\/p>\n\t\t\t\t\t\t\t\t<\/div>\n\t\t\t\t<\/div>\n\t\t\t\t<\/div>\n\t\t<div class=\"elementor-element elementor-element-08eb755 e-con-full e-flex e-con e-child\" data-id=\"08eb755\" data-element_type=\"container\" data-e-type=\"container\">\n\t\t\t\t<div class=\"elementor-element elementor-element-07fd604 elementor-widget elementor-widget-image\" data-id=\"07fd604\" data-element_type=\"widget\" data-e-type=\"widget\" data-widget_type=\"image.default\">\n\t\t\t\t<div class=\"elementor-widget-container\">\n\t\t\t\t\t\t\t\t\t\t\t\t\t\t\t<img decoding=\"async\" src=\"https:\/\/kadk-sdle.ch\/wp-content\/uploads\/elementor\/thumbs\/Christine-Seiler-rc586wmnasnyn212hzjex3hhzo4cn4g3rdb53ozyrc.jpg\" title=\"Christine Seiler\" alt=\"Christine Seiler\" loading=\"lazy\" \/>\t\t\t\t\t\t\t\t\t\t\t\t\t\t\t<\/div>\n\t\t\t\t<\/div>\n\t\t\t\t<div class=\"elementor-element elementor-element-44abfe6 elementor-widget elementor-widget-text-editor\" data-id=\"44abfe6\" data-element_type=\"widget\" data-e-type=\"widget\" data-widget_type=\"text-editor.default\">\n\t\t\t\t<div class=\"elementor-widget-container\">\n\t\t\t\t\t\t\t\t\t<p><strong>Christine Seiler<br \/>\n<\/strong>Conseill\u00e8re familiale<\/p>\n\t\t\t\t\t\t\t\t<\/div>\n\t\t\t\t<\/div>\n\t\t\t\t<\/div>\n\t\t<div class=\"elementor-element elementor-element-61b1ee8 e-con-full e-flex e-con e-child\" data-id=\"61b1ee8\" data-element_type=\"container\" data-e-type=\"container\">\n\t\t\t\t<div class=\"elementor-element elementor-element-8e608f9 elementor-widget elementor-widget-image\" data-id=\"8e608f9\" data-element_type=\"widget\" data-e-type=\"widget\" data-widget_type=\"image.default\">\n\t\t\t\t<div class=\"elementor-widget-container\">\n\t\t\t\t\t\t\t\t\t\t\t\t\t\t\t<img decoding=\"async\" src=\"https:\/\/kadk-sdle.ch\/wp-content\/uploads\/elementor\/thumbs\/Monica-Toma-e1745765760176-r4zauy151thzw3i01noatuuf914nq005pqtl71rcxs.jpg\" title=\"Monica Toma\" alt=\"Monica Toma\" loading=\"lazy\" \/>\t\t\t\t\t\t\t\t\t\t\t\t\t\t\t<\/div>\n\t\t\t\t<\/div>\n\t\t\t\t<div class=\"elementor-element elementor-element-e86514c elementor-widget elementor-widget-text-editor\" data-id=\"e86514c\" data-element_type=\"widget\" data-e-type=\"widget\" data-widget_type=\"text-editor.default\">\n\t\t\t\t<div class=\"elementor-widget-container\">\n\t\t\t\t\t\t\t\t\t<p><strong>Monica Toma<br \/>\n<\/strong>M\u00e9decin<\/p>\n\t\t\t\t\t\t\t\t<\/div>\n\t\t\t\t<\/div>\n\t\t\t\t<\/div>\n\t\t<div class=\"elementor-element elementor-element-ea687ef e-con-full e-flex e-con e-child\" data-id=\"ea687ef\" data-element_type=\"container\" data-e-type=\"container\">\n\t\t\t\t<div class=\"elementor-element elementor-element-308027e elementor-widget elementor-widget-image\" data-id=\"308027e\" data-element_type=\"widget\" data-e-type=\"widget\" data-widget_type=\"image.default\">\n\t\t\t\t<div class=\"elementor-widget-container\">\n\t\t\t\t\t\t\t\t\t\t\t\t\t\t\t<img decoding=\"async\" src=\"https:\/\/kadk-sdle.ch\/wp-content\/uploads\/elementor\/thumbs\/Florence-Wegelin-rc58737immwywbrifkdswjtq5d7x506849vjgmq7js.jpeg\" title=\"Florence Wegelin\" alt=\"Florence Wegelin\" loading=\"lazy\" \/>\t\t\t\t\t\t\t\t\t\t\t\t\t\t\t<\/div>\n\t\t\t\t<\/div>\n\t\t\t\t<div class=\"elementor-element elementor-element-c62347f elementor-widget elementor-widget-text-editor\" data-id=\"c62347f\" data-element_type=\"widget\" data-e-type=\"widget\" data-widget_type=\"text-editor.default\">\n\t\t\t\t<div class=\"elementor-widget-container\">\n\t\t\t\t\t\t\t\t\t<p><strong>Florence Wegelin<br \/>\n<\/strong>Travailleuse sociale scolaire<\/p>\n\t\t\t\t\t\t\t\t<\/div>\n\t\t\t\t<\/div>\n\t\t\t\t<\/div>\n\t\t<div class=\"elementor-element elementor-element-1354a0d e-con-full e-flex e-con e-child\" data-id=\"1354a0d\" data-element_type=\"container\" data-e-type=\"container\">\n\t\t\t\t<div class=\"elementor-element elementor-element-32ff9b9 elementor-widget elementor-widget-image\" data-id=\"32ff9b9\" data-element_type=\"widget\" data-e-type=\"widget\" data-widget_type=\"image.default\">\n\t\t\t\t<div class=\"elementor-widget-container\">\n\t\t\t\t\t\t\t\t\t\t\t\t\t\t\t<img decoding=\"async\" src=\"https:\/\/kadk-sdle.ch\/wp-content\/uploads\/elementor\/thumbs\/Philip-Hoffmann-scaled-e1773778308949-rknnrl0c4uu5dyuj8i1371fe3jzkq9iznf4rjahltk.jpg\" title=\"Philip Hoffmann\" alt=\"Philip Hoffmann\" loading=\"lazy\" \/>\t\t\t\t\t\t\t\t\t\t\t\t\t\t\t<\/div>\n\t\t\t\t<\/div>\n\t\t\t\t<div class=\"elementor-element elementor-element-9d4842a elementor-widget elementor-widget-text-editor\" data-id=\"9d4842a\" data-element_type=\"widget\" data-e-type=\"widget\" data-widget_type=\"text-editor.default\">\n\t\t\t\t<div class=\"elementor-widget-container\">\n\t\t\t\t\t\t\t\t\t<p><strong>Philip Hoffmann<br \/>\n<\/strong>Travailleur social scolaire<\/p>\n\t\t\t\t\t\t\t\t<\/div>\n\t\t\t\t<\/div>\n\t\t\t\t<\/div>\n\t\t<div class=\"elementor-element elementor-element-f99b4d5 e-con-full e-flex e-con e-child\" data-id=\"f99b4d5\" data-element_type=\"container\" data-e-type=\"container\">\n\t\t\t\t<div class=\"elementor-element elementor-element-fe53682 elementor-widget elementor-widget-image\" data-id=\"fe53682\" data-element_type=\"widget\" data-e-type=\"widget\" data-widget_type=\"image.default\">\n\t\t\t\t<div class=\"elementor-widget-container\">\n\t\t\t\t\t\t\t\t\t\t\t\t\t\t\t<img decoding=\"async\" src=\"https:\/\/kadk-sdle.ch\/wp-content\/uploads\/elementor\/thumbs\/Sara-Mastrodonato-rm8j4vfswvtm4hsw40n3brlf3vzvtyf2iqeriqx60o.jpg\" title=\"Sara Mastrodonato\" alt=\"Sara Mastrodonato\" loading=\"lazy\" \/>\t\t\t\t\t\t\t\t\t\t\t\t\t\t\t<\/div>\n\t\t\t\t<\/div>\n\t\t\t\t<div class=\"elementor-element elementor-element-f2d6543 elementor-widget elementor-widget-text-editor\" data-id=\"f2d6543\" data-element_type=\"widget\" data-e-type=\"widget\" data-widget_type=\"text-editor.default\">\n\t\t\t\t<div class=\"elementor-widget-container\">\n\t\t\t\t\t\t\t\t\t<p><strong>Sara Mastrodonato<br \/>\n<\/strong>Art-th\u00e9rapeute<\/p>\n\t\t\t\t\t\t\t\t<\/div>\n\t\t\t\t<\/div>\n\t\t\t\t<\/div>\n\t\t<div class=\"elementor-element elementor-element-8018d0d e-con-full e-flex e-con e-child\" data-id=\"8018d0d\" data-element_type=\"container\" data-e-type=\"container\">\n\t\t\t\t<\/div>\n\t\t\t\t\t<\/div>\n\t\t\t\t<\/div>\n\t\t\t\t<\/div>\n\t\t","protected":false},"excerpt":{"rendered":"<p>Nous sommes une \u00e9quipe interdisciplinaire qui r\u00e9unit volontairement diff\u00e9rentes exp\u00e9riences professionnelles et personnelles en mati\u00e8re de s\u00e9paration, de divorce et de crises &#8211; notre plus grande force. \u00c0 partir du niveau 3 d&rsquo;escalade, les parties en conflit ne peuvent souvent plus g\u00e9rer leur situation seules. Nous pensons qu&rsquo;un soutien professionnel devrait \u00eatre plus pr\u00e9coce et [&hellip;]<\/p>\n","protected":false},"author":1,"featured_media":0,"parent":816,"menu_order":0,"comment_status":"closed","ping_status":"closed","template":"","meta":{"footnotes":""},"class_list":["post-818","page","type-page","status-publish","hentry"],"yoast_head":"<!-- This site is optimized with the Yoast SEO plugin v27.5 - https:\/\/yoast.com\/product\/yoast-seo-wordpress\/ -->\n<title>\u00c9quipe - Sortire de l&#039;\u00e9tau Bienne<\/title>\n<meta name=\"robots\" content=\"index, follow, max-snippet:-1, max-image-preview:large, max-video-preview:-1\" \/>\n<link rel=\"canonical\" href=\"https:\/\/kadk-sdle.ch\/fr\/cursus\/equipe\/\" \/>\n<meta property=\"og:locale\" content=\"fr_FR\" \/>\n<meta property=\"og:type\" content=\"article\" \/>\n<meta property=\"og:title\" content=\"\u00c9quipe - Sortire de l&#039;\u00e9tau Bienne\" \/>\n<meta property=\"og:description\" content=\"Nous sommes une \u00e9quipe interdisciplinaire qui r\u00e9unit volontairement diff\u00e9rentes exp\u00e9riences professionnelles et personnelles en mati\u00e8re de s\u00e9paration, de divorce et de crises &#8211; notre plus grande force. \u00c0 partir du niveau 3 d&rsquo;escalade, les parties en conflit ne peuvent souvent plus g\u00e9rer leur situation seules. Nous pensons qu&rsquo;un soutien professionnel devrait \u00eatre plus pr\u00e9coce et [&hellip;]\" \/>\n<meta property=\"og:url\" content=\"https:\/\/kadk-sdle.ch\/fr\/cursus\/equipe\/\" \/>\n<meta property=\"og:site_name\" content=\"Sortire de l&#039;\u00e9tau Bienne\" \/>\n<meta property=\"article:modified_time\" content=\"2026-04-19T12:32:32+00:00\" \/>\n<meta property=\"og:image\" content=\"https:\/\/kadk-sdle.ch\/wp-content\/uploads\/elementor\/thumbs\/Marc-Gamma-scaled-e1745765824464-2-r52qhx89e4lqolere1w699tzgtrle007l2hyfhuwu0.jpg\" \/>\n<meta name=\"twitter:card\" content=\"summary_large_image\" \/>\n<script type=\"application\/ld+json\" class=\"yoast-schema-graph\">{\"@context\":\"https:\\\/\\\/schema.org\",\"@graph\":[{\"@type\":\"WebPage\",\"@id\":\"https:\\\/\\\/kadk-sdle.ch\\\/fr\\\/cursus\\\/equipe\\\/\",\"url\":\"https:\\\/\\\/kadk-sdle.ch\\\/fr\\\/cursus\\\/equipe\\\/\",\"name\":\"\u00c9quipe - Sortire de l&#039;\u00e9tau Bienne\",\"isPartOf\":{\"@id\":\"https:\\\/\\\/kadk-sdle.ch\\\/fr\\\/#website\"},\"primaryImageOfPage\":{\"@id\":\"https:\\\/\\\/kadk-sdle.ch\\\/fr\\\/cursus\\\/equipe\\\/#primaryimage\"},\"image\":{\"@id\":\"https:\\\/\\\/kadk-sdle.ch\\\/fr\\\/cursus\\\/equipe\\\/#primaryimage\"},\"thumbnailUrl\":\"https:\\\/\\\/kadk-sdle.ch\\\/wp-content\\\/uploads\\\/elementor\\\/thumbs\\\/Marc-Gamma-scaled-e1745765824464-2-r52qhx89e4lqolere1w699tzgtrle007l2hyfhuwu0.jpg\",\"datePublished\":\"2025-04-17T11:44:14+00:00\",\"dateModified\":\"2026-04-19T12:32:32+00:00\",\"breadcrumb\":{\"@id\":\"https:\\\/\\\/kadk-sdle.ch\\\/fr\\\/cursus\\\/equipe\\\/#breadcrumb\"},\"inLanguage\":\"fr-FR\",\"potentialAction\":[{\"@type\":\"ReadAction\",\"target\":[\"https:\\\/\\\/kadk-sdle.ch\\\/fr\\\/cursus\\\/equipe\\\/\"]}]},{\"@type\":\"ImageObject\",\"inLanguage\":\"fr-FR\",\"@id\":\"https:\\\/\\\/kadk-sdle.ch\\\/fr\\\/cursus\\\/equipe\\\/#primaryimage\",\"url\":\"https:\\\/\\\/kadk-sdle.ch\\\/wp-content\\\/uploads\\\/elementor\\\/thumbs\\\/Marc-Gamma-scaled-e1745765824464-2-r52qhx89e4lqolere1w699tzgtrle007l2hyfhuwu0.jpg\",\"contentUrl\":\"https:\\\/\\\/kadk-sdle.ch\\\/wp-content\\\/uploads\\\/elementor\\\/thumbs\\\/Marc-Gamma-scaled-e1745765824464-2-r52qhx89e4lqolere1w699tzgtrle007l2hyfhuwu0.jpg\"},{\"@type\":\"BreadcrumbList\",\"@id\":\"https:\\\/\\\/kadk-sdle.ch\\\/fr\\\/cursus\\\/equipe\\\/#breadcrumb\",\"itemListElement\":[{\"@type\":\"ListItem\",\"position\":1,\"name\":\"Startseite\",\"item\":\"https:\\\/\\\/kadk-sdle.ch\\\/fr\\\/\"},{\"@type\":\"ListItem\",\"position\":2,\"name\":\"Cursus\",\"item\":\"https:\\\/\\\/kadk-sdle.ch\\\/fr\\\/cursus\\\/\"},{\"@type\":\"ListItem\",\"position\":3,\"name\":\"\u00c9quipe\"}]},{\"@type\":\"WebSite\",\"@id\":\"https:\\\/\\\/kadk-sdle.ch\\\/fr\\\/#website\",\"url\":\"https:\\\/\\\/kadk-sdle.ch\\\/fr\\\/\",\"name\":\"Kinder aus der Klemme Biel\",\"description\":\"Groupes multifamiliaux, un soutien face aux s\u00e9parations conflictuelles\",\"publisher\":{\"@id\":\"https:\\\/\\\/kadk-sdle.ch\\\/fr\\\/#organization\"},\"potentialAction\":[{\"@type\":\"SearchAction\",\"target\":{\"@type\":\"EntryPoint\",\"urlTemplate\":\"https:\\\/\\\/kadk-sdle.ch\\\/fr\\\/?s={search_term_string}\"},\"query-input\":{\"@type\":\"PropertyValueSpecification\",\"valueRequired\":true,\"valueName\":\"search_term_string\"}}],\"inLanguage\":\"fr-FR\"},{\"@type\":\"Organization\",\"@id\":\"https:\\\/\\\/kadk-sdle.ch\\\/fr\\\/#organization\",\"name\":\"Kinder aus der Klemme Biel\",\"url\":\"https:\\\/\\\/kadk-sdle.ch\\\/fr\\\/\",\"logo\":{\"@type\":\"ImageObject\",\"inLanguage\":\"fr-FR\",\"@id\":\"https:\\\/\\\/kadk-sdle.ch\\\/fr\\\/#\\\/schema\\\/logo\\\/image\\\/\",\"url\":\"https:\\\/\\\/kadk-sdle.ch\\\/wp-content\\\/uploads\\\/2025\\\/04\\\/bordeu.png\",\"contentUrl\":\"https:\\\/\\\/kadk-sdle.ch\\\/wp-content\\\/uploads\\\/2025\\\/04\\\/bordeu.png\",\"width\":2129,\"height\":577,\"caption\":\"Kinder aus der Klemme Biel\"},\"image\":{\"@id\":\"https:\\\/\\\/kadk-sdle.ch\\\/fr\\\/#\\\/schema\\\/logo\\\/image\\\/\"}}]}<\/script>\n<!-- \/ Yoast SEO plugin. -->","yoast_head_json":{"title":"\u00c9quipe - Sortire de l&#039;\u00e9tau Bienne","robots":{"index":"index","follow":"follow","max-snippet":"max-snippet:-1","max-image-preview":"max-image-preview:large","max-video-preview":"max-video-preview:-1"},"canonical":"https:\/\/kadk-sdle.ch\/fr\/cursus\/equipe\/","og_locale":"fr_FR","og_type":"article","og_title":"\u00c9quipe - Sortire de l&#039;\u00e9tau Bienne","og_description":"Nous sommes une \u00e9quipe interdisciplinaire qui r\u00e9unit volontairement diff\u00e9rentes exp\u00e9riences professionnelles et personnelles en mati\u00e8re de s\u00e9paration, de divorce et de crises &#8211; notre plus grande force. \u00c0 partir du niveau 3 d&rsquo;escalade, les parties en conflit ne peuvent souvent plus g\u00e9rer leur situation seules. Nous pensons qu&rsquo;un soutien professionnel devrait \u00eatre plus pr\u00e9coce et [&hellip;]","og_url":"https:\/\/kadk-sdle.ch\/fr\/cursus\/equipe\/","og_site_name":"Sortire de l&#039;\u00e9tau Bienne","article_modified_time":"2026-04-19T12:32:32+00:00","og_image":[{"url":"https:\/\/kadk-sdle.ch\/wp-content\/uploads\/elementor\/thumbs\/Marc-Gamma-scaled-e1745765824464-2-r52qhx89e4lqolere1w699tzgtrle007l2hyfhuwu0.jpg","type":"","width":"","height":""}],"twitter_card":"summary_large_image","schema":{"@context":"https:\/\/schema.org","@graph":[{"@type":"WebPage","@id":"https:\/\/kadk-sdle.ch\/fr\/cursus\/equipe\/","url":"https:\/\/kadk-sdle.ch\/fr\/cursus\/equipe\/","name":"\u00c9quipe - Sortire de l&#039;\u00e9tau Bienne","isPartOf":{"@id":"https:\/\/kadk-sdle.ch\/fr\/#website"},"primaryImageOfPage":{"@id":"https:\/\/kadk-sdle.ch\/fr\/cursus\/equipe\/#primaryimage"},"image":{"@id":"https:\/\/kadk-sdle.ch\/fr\/cursus\/equipe\/#primaryimage"},"thumbnailUrl":"https:\/\/kadk-sdle.ch\/wp-content\/uploads\/elementor\/thumbs\/Marc-Gamma-scaled-e1745765824464-2-r52qhx89e4lqolere1w699tzgtrle007l2hyfhuwu0.jpg","datePublished":"2025-04-17T11:44:14+00:00","dateModified":"2026-04-19T12:32:32+00:00","breadcrumb":{"@id":"https:\/\/kadk-sdle.ch\/fr\/cursus\/equipe\/#breadcrumb"},"inLanguage":"fr-FR","potentialAction":[{"@type":"ReadAction","target":["https:\/\/kadk-sdle.ch\/fr\/cursus\/equipe\/"]}]},{"@type":"ImageObject","inLanguage":"fr-FR","@id":"https:\/\/kadk-sdle.ch\/fr\/cursus\/equipe\/#primaryimage","url":"https:\/\/kadk-sdle.ch\/wp-content\/uploads\/elementor\/thumbs\/Marc-Gamma-scaled-e1745765824464-2-r52qhx89e4lqolere1w699tzgtrle007l2hyfhuwu0.jpg","contentUrl":"https:\/\/kadk-sdle.ch\/wp-content\/uploads\/elementor\/thumbs\/Marc-Gamma-scaled-e1745765824464-2-r52qhx89e4lqolere1w699tzgtrle007l2hyfhuwu0.jpg"},{"@type":"BreadcrumbList","@id":"https:\/\/kadk-sdle.ch\/fr\/cursus\/equipe\/#breadcrumb","itemListElement":[{"@type":"ListItem","position":1,"name":"Startseite","item":"https:\/\/kadk-sdle.ch\/fr\/"},{"@type":"ListItem","position":2,"name":"Cursus","item":"https:\/\/kadk-sdle.ch\/fr\/cursus\/"},{"@type":"ListItem","position":3,"name":"\u00c9quipe"}]},{"@type":"WebSite","@id":"https:\/\/kadk-sdle.ch\/fr\/#website","url":"https:\/\/kadk-sdle.ch\/fr\/","name":"Kinder aus der Klemme Biel","description":"Groupes multifamiliaux, un soutien face aux s\u00e9parations conflictuelles","publisher":{"@id":"https:\/\/kadk-sdle.ch\/fr\/#organization"},"potentialAction":[{"@type":"SearchAction","target":{"@type":"EntryPoint","urlTemplate":"https:\/\/kadk-sdle.ch\/fr\/?s={search_term_string}"},"query-input":{"@type":"PropertyValueSpecification","valueRequired":true,"valueName":"search_term_string"}}],"inLanguage":"fr-FR"},{"@type":"Organization","@id":"https:\/\/kadk-sdle.ch\/fr\/#organization","name":"Kinder aus der Klemme Biel","url":"https:\/\/kadk-sdle.ch\/fr\/","logo":{"@type":"ImageObject","inLanguage":"fr-FR","@id":"https:\/\/kadk-sdle.ch\/fr\/#\/schema\/logo\/image\/","url":"https:\/\/kadk-sdle.ch\/wp-content\/uploads\/2025\/04\/bordeu.png","contentUrl":"https:\/\/kadk-sdle.ch\/wp-content\/uploads\/2025\/04\/bordeu.png","width":2129,"height":577,"caption":"Kinder aus der Klemme Biel"},"image":{"@id":"https:\/\/kadk-sdle.ch\/fr\/#\/schema\/logo\/image\/"}}]}},"_links":{"self":[{"href":"https:\/\/kadk-sdle.ch\/fr\/wp-json\/wp\/v2\/pages\/818","targetHints":{"allow":["GET"]}}],"collection":[{"href":"https:\/\/kadk-sdle.ch\/fr\/wp-json\/wp\/v2\/pages"}],"about":[{"href":"https:\/\/kadk-sdle.ch\/fr\/wp-json\/wp\/v2\/types\/page"}],"author":[{"embeddable":true,"href":"https:\/\/kadk-sdle.ch\/fr\/wp-json\/wp\/v2\/users\/1"}],"replies":[{"embeddable":true,"href":"https:\/\/kadk-sdle.ch\/fr\/wp-json\/wp\/v2\/comments?post=818"}],"version-history":[{"count":17,"href":"https:\/\/kadk-sdle.ch\/fr\/wp-json\/wp\/v2\/pages\/818\/revisions"}],"predecessor-version":[{"id":1489,"href":"https:\/\/kadk-sdle.ch\/fr\/wp-json\/wp\/v2\/pages\/818\/revisions\/1489"}],"up":[{"embeddable":true,"href":"https:\/\/kadk-sdle.ch\/fr\/wp-json\/wp\/v2\/pages\/816"}],"wp:attachment":[{"href":"https:\/\/kadk-sdle.ch\/fr\/wp-json\/wp\/v2\/media?parent=818"}],"curies":[{"name":"wp","href":"https:\/\/api.w.org\/{rel}","templated":true}]}}