{"id":811,"date":"2025-04-17T11:37:56","date_gmt":"2025-04-17T11:37:56","guid":{"rendered":"https:\/\/kadk-sdle.ch\/famille\/reseau\/"},"modified":"2026-04-08T09:38:07","modified_gmt":"2026-04-08T09:38:07","slug":"reseau","status":"publish","type":"page","link":"https:\/\/kadk-sdle.ch\/fr\/famille\/reseau\/","title":{"rendered":"R\u00e9seau"},"content":{"rendered":"<blockquote>\n<h2><em>Pour \u00e9lever un enfant, il faut tout un village.<\/em><\/h2>\n<p style=\"text-align: left;\">Proverbe africain<\/p>\n<\/blockquote>\n<p>&nbsp;<\/p>\n<p>La famille \u00e9largie, les amis et les coll\u00e8gues sont souvent impliqu\u00e9s dans le conflit de couple. En cas de <a href=\"#popup-hochstrittig\">s\u00e9paration tr\u00e8s conflictuelle<\/a>, la pression incite \u00e0 choisir un camp. Celui qui appartient au parent \u00ab rejet\u00e9 \u00bb perd \u00e9ventuellement le contact avec les enfants &#8211; parfois m\u00eame de mani\u00e8re durable. Mais la situation peut \u00e9galement \u00eatre p\u00e9nible pour les personnes qui entrent dans la vie de l\u2019ancien couple apr\u00e8s la s\u00e9paration.<\/p>\n<p>Dans une p\u00e9riode o\u00f9 les parents sont bless\u00e9s, en col\u00e8re et pleins de reproches,<strong> les grands-parents, les oncles, les tantes et les amis ont une responsabilit\u00e9 particuli\u00e8re : pour les enfants, la famille continue d\u2019exister &#8211; mais \u00e0 deux endroits.<\/strong> Ils ont besoin de garder le lien avec leur p\u00e8re et leur m\u00e8re et d\u2019avoir le droit de les aimer tous les deux.<\/p>\n<p>Toutefois, des parents qui se sont consid\u00e9r\u00e9s comme des adversaires pendant des ann\u00e9es, retrouvent rarement seuls la tol\u00e9rance et le respect. C\u2019est pourquoi notre programme mise sur le soutien\u00a0: chaque participant doit venir avec trois \u00e0 cinq personnes de confiance pour accompagner le processus de changement.<\/p>\n<p><span style=\"color: #993366;\"><strong>C&rsquo;est \u00e0 vous qu&rsquo;est consacr\u00e9 le d\u00e9but du cours, la soir\u00e9e de r\u00e9seau &#8211; car faire la paix n\u00e9cessite une communaut\u00e9.<\/strong><\/span><\/p>\n<p>&nbsp;<\/p>\n<p style=\"text-align: center;\"><a href=\"https:\/\/kadk-sdle.ch\/wp-content\/uploads\/2026\/04\/Histoires-du-village.pdf\"><strong><span style=\"color: #445a53;\">Histoires du village<\/span><\/strong><\/a><\/p>\n","protected":false},"excerpt":{"rendered":"<p>Pour \u00e9lever un enfant, il faut tout un village. Proverbe africain &nbsp; La famille \u00e9largie, les amis et les coll\u00e8gues sont souvent impliqu\u00e9s dans le conflit de couple. En cas de s\u00e9paration tr\u00e8s conflictuelle, la pression incite \u00e0 choisir un camp. Celui qui appartient au parent \u00ab rejet\u00e9 \u00bb perd \u00e9ventuellement le contact avec les [&hellip;]<\/p>\n","protected":false},"author":1,"featured_media":0,"parent":807,"menu_order":0,"comment_status":"closed","ping_status":"closed","template":"","meta":{"footnotes":""},"class_list":["post-811","page","type-page","status-publish","hentry"],"yoast_head":"<!-- This site is optimized with the Yoast SEO plugin v27.5 - https:\/\/yoast.com\/product\/yoast-seo-wordpress\/ -->\n<title>R\u00e9seau - Sortire de l&#039;\u00e9tau Bienne<\/title>\n<meta name=\"robots\" content=\"index, follow, max-snippet:-1, max-image-preview:large, max-video-preview:-1\" \/>\n<link rel=\"canonical\" href=\"https:\/\/kadk-sdle.ch\/fr\/famille\/reseau\/\" \/>\n<meta property=\"og:locale\" content=\"fr_FR\" \/>\n<meta property=\"og:type\" content=\"article\" \/>\n<meta property=\"og:title\" content=\"R\u00e9seau - Sortire de l&#039;\u00e9tau Bienne\" \/>\n<meta property=\"og:description\" content=\"Pour \u00e9lever un enfant, il faut tout un village. Proverbe africain &nbsp; La famille \u00e9largie, les amis et les coll\u00e8gues sont souvent impliqu\u00e9s dans le conflit de couple. En cas de s\u00e9paration tr\u00e8s conflictuelle, la pression incite \u00e0 choisir un camp. Celui qui appartient au parent \u00ab rejet\u00e9 \u00bb perd \u00e9ventuellement le contact avec les [&hellip;]\" \/>\n<meta property=\"og:url\" content=\"https:\/\/kadk-sdle.ch\/fr\/famille\/reseau\/\" \/>\n<meta property=\"og:site_name\" content=\"Sortire de l&#039;\u00e9tau Bienne\" \/>\n<meta property=\"article:modified_time\" content=\"2026-04-08T09:38:07+00:00\" \/>\n<meta name=\"twitter:card\" content=\"summary_large_image\" \/>\n<meta name=\"twitter:label1\" content=\"Dur\u00e9e de lecture estim\u00e9e\" \/>\n\t<meta name=\"twitter:data1\" content=\"1 minute\" \/>\n<script type=\"application\/ld+json\" class=\"yoast-schema-graph\">{\"@context\":\"https:\\\/\\\/schema.org\",\"@graph\":[{\"@type\":\"WebPage\",\"@id\":\"https:\\\/\\\/kadk-sdle.ch\\\/fr\\\/famille\\\/reseau\\\/\",\"url\":\"https:\\\/\\\/kadk-sdle.ch\\\/fr\\\/famille\\\/reseau\\\/\",\"name\":\"R\u00e9seau - Sortire de l&#039;\u00e9tau Bienne\",\"isPartOf\":{\"@id\":\"https:\\\/\\\/kadk-sdle.ch\\\/fr\\\/#website\"},\"datePublished\":\"2025-04-17T11:37:56+00:00\",\"dateModified\":\"2026-04-08T09:38:07+00:00\",\"breadcrumb\":{\"@id\":\"https:\\\/\\\/kadk-sdle.ch\\\/fr\\\/famille\\\/reseau\\\/#breadcrumb\"},\"inLanguage\":\"fr-FR\",\"potentialAction\":[{\"@type\":\"ReadAction\",\"target\":[\"https:\\\/\\\/kadk-sdle.ch\\\/fr\\\/famille\\\/reseau\\\/\"]}]},{\"@type\":\"BreadcrumbList\",\"@id\":\"https:\\\/\\\/kadk-sdle.ch\\\/fr\\\/famille\\\/reseau\\\/#breadcrumb\",\"itemListElement\":[{\"@type\":\"ListItem\",\"position\":1,\"name\":\"Startseite\",\"item\":\"https:\\\/\\\/kadk-sdle.ch\\\/fr\\\/\"},{\"@type\":\"ListItem\",\"position\":2,\"name\":\"Famille\",\"item\":\"https:\\\/\\\/kadk-sdle.ch\\\/fr\\\/famille\\\/\"},{\"@type\":\"ListItem\",\"position\":3,\"name\":\"R\u00e9seau\"}]},{\"@type\":\"WebSite\",\"@id\":\"https:\\\/\\\/kadk-sdle.ch\\\/fr\\\/#website\",\"url\":\"https:\\\/\\\/kadk-sdle.ch\\\/fr\\\/\",\"name\":\"Kinder aus der Klemme Biel\",\"description\":\"Groupes multifamiliaux, un soutien face aux s\u00e9parations conflictuelles\",\"publisher\":{\"@id\":\"https:\\\/\\\/kadk-sdle.ch\\\/fr\\\/#organization\"},\"potentialAction\":[{\"@type\":\"SearchAction\",\"target\":{\"@type\":\"EntryPoint\",\"urlTemplate\":\"https:\\\/\\\/kadk-sdle.ch\\\/fr\\\/?s={search_term_string}\"},\"query-input\":{\"@type\":\"PropertyValueSpecification\",\"valueRequired\":true,\"valueName\":\"search_term_string\"}}],\"inLanguage\":\"fr-FR\"},{\"@type\":\"Organization\",\"@id\":\"https:\\\/\\\/kadk-sdle.ch\\\/fr\\\/#organization\",\"name\":\"Kinder aus der Klemme Biel\",\"url\":\"https:\\\/\\\/kadk-sdle.ch\\\/fr\\\/\",\"logo\":{\"@type\":\"ImageObject\",\"inLanguage\":\"fr-FR\",\"@id\":\"https:\\\/\\\/kadk-sdle.ch\\\/fr\\\/#\\\/schema\\\/logo\\\/image\\\/\",\"url\":\"https:\\\/\\\/kadk-sdle.ch\\\/wp-content\\\/uploads\\\/2025\\\/04\\\/bordeu.png\",\"contentUrl\":\"https:\\\/\\\/kadk-sdle.ch\\\/wp-content\\\/uploads\\\/2025\\\/04\\\/bordeu.png\",\"width\":2129,\"height\":577,\"caption\":\"Kinder aus der Klemme Biel\"},\"image\":{\"@id\":\"https:\\\/\\\/kadk-sdle.ch\\\/fr\\\/#\\\/schema\\\/logo\\\/image\\\/\"}}]}<\/script>\n<!-- \/ Yoast SEO plugin. -->","yoast_head_json":{"title":"R\u00e9seau - Sortire de l&#039;\u00e9tau Bienne","robots":{"index":"index","follow":"follow","max-snippet":"max-snippet:-1","max-image-preview":"max-image-preview:large","max-video-preview":"max-video-preview:-1"},"canonical":"https:\/\/kadk-sdle.ch\/fr\/famille\/reseau\/","og_locale":"fr_FR","og_type":"article","og_title":"R\u00e9seau - Sortire de l&#039;\u00e9tau Bienne","og_description":"Pour \u00e9lever un enfant, il faut tout un village. Proverbe africain &nbsp; La famille \u00e9largie, les amis et les coll\u00e8gues sont souvent impliqu\u00e9s dans le conflit de couple. En cas de s\u00e9paration tr\u00e8s conflictuelle, la pression incite \u00e0 choisir un camp. Celui qui appartient au parent \u00ab rejet\u00e9 \u00bb perd \u00e9ventuellement le contact avec les [&hellip;]","og_url":"https:\/\/kadk-sdle.ch\/fr\/famille\/reseau\/","og_site_name":"Sortire de l&#039;\u00e9tau Bienne","article_modified_time":"2026-04-08T09:38:07+00:00","twitter_card":"summary_large_image","twitter_misc":{"Dur\u00e9e de lecture estim\u00e9e":"1 minute"},"schema":{"@context":"https:\/\/schema.org","@graph":[{"@type":"WebPage","@id":"https:\/\/kadk-sdle.ch\/fr\/famille\/reseau\/","url":"https:\/\/kadk-sdle.ch\/fr\/famille\/reseau\/","name":"R\u00e9seau - Sortire de l&#039;\u00e9tau Bienne","isPartOf":{"@id":"https:\/\/kadk-sdle.ch\/fr\/#website"},"datePublished":"2025-04-17T11:37:56+00:00","dateModified":"2026-04-08T09:38:07+00:00","breadcrumb":{"@id":"https:\/\/kadk-sdle.ch\/fr\/famille\/reseau\/#breadcrumb"},"inLanguage":"fr-FR","potentialAction":[{"@type":"ReadAction","target":["https:\/\/kadk-sdle.ch\/fr\/famille\/reseau\/"]}]},{"@type":"BreadcrumbList","@id":"https:\/\/kadk-sdle.ch\/fr\/famille\/reseau\/#breadcrumb","itemListElement":[{"@type":"ListItem","position":1,"name":"Startseite","item":"https:\/\/kadk-sdle.ch\/fr\/"},{"@type":"ListItem","position":2,"name":"Famille","item":"https:\/\/kadk-sdle.ch\/fr\/famille\/"},{"@type":"ListItem","position":3,"name":"R\u00e9seau"}]},{"@type":"WebSite","@id":"https:\/\/kadk-sdle.ch\/fr\/#website","url":"https:\/\/kadk-sdle.ch\/fr\/","name":"Kinder aus der Klemme Biel","description":"Groupes multifamiliaux, un soutien face aux s\u00e9parations conflictuelles","publisher":{"@id":"https:\/\/kadk-sdle.ch\/fr\/#organization"},"potentialAction":[{"@type":"SearchAction","target":{"@type":"EntryPoint","urlTemplate":"https:\/\/kadk-sdle.ch\/fr\/?s={search_term_string}"},"query-input":{"@type":"PropertyValueSpecification","valueRequired":true,"valueName":"search_term_string"}}],"inLanguage":"fr-FR"},{"@type":"Organization","@id":"https:\/\/kadk-sdle.ch\/fr\/#organization","name":"Kinder aus der Klemme Biel","url":"https:\/\/kadk-sdle.ch\/fr\/","logo":{"@type":"ImageObject","inLanguage":"fr-FR","@id":"https:\/\/kadk-sdle.ch\/fr\/#\/schema\/logo\/image\/","url":"https:\/\/kadk-sdle.ch\/wp-content\/uploads\/2025\/04\/bordeu.png","contentUrl":"https:\/\/kadk-sdle.ch\/wp-content\/uploads\/2025\/04\/bordeu.png","width":2129,"height":577,"caption":"Kinder aus der Klemme Biel"},"image":{"@id":"https:\/\/kadk-sdle.ch\/fr\/#\/schema\/logo\/image\/"}}]}},"_links":{"self":[{"href":"https:\/\/kadk-sdle.ch\/fr\/wp-json\/wp\/v2\/pages\/811","targetHints":{"allow":["GET"]}}],"collection":[{"href":"https:\/\/kadk-sdle.ch\/fr\/wp-json\/wp\/v2\/pages"}],"about":[{"href":"https:\/\/kadk-sdle.ch\/fr\/wp-json\/wp\/v2\/types\/page"}],"author":[{"embeddable":true,"href":"https:\/\/kadk-sdle.ch\/fr\/wp-json\/wp\/v2\/users\/1"}],"replies":[{"embeddable":true,"href":"https:\/\/kadk-sdle.ch\/fr\/wp-json\/wp\/v2\/comments?post=811"}],"version-history":[{"count":9,"href":"https:\/\/kadk-sdle.ch\/fr\/wp-json\/wp\/v2\/pages\/811\/revisions"}],"predecessor-version":[{"id":1480,"href":"https:\/\/kadk-sdle.ch\/fr\/wp-json\/wp\/v2\/pages\/811\/revisions\/1480"}],"up":[{"embeddable":true,"href":"https:\/\/kadk-sdle.ch\/fr\/wp-json\/wp\/v2\/pages\/807"}],"wp:attachment":[{"href":"https:\/\/kadk-sdle.ch\/fr\/wp-json\/wp\/v2\/media?parent=811"}],"curies":[{"name":"wp","href":"https:\/\/api.w.org\/{rel}","templated":true}]}}