{"id":808,"date":"2025-04-17T11:34:52","date_gmt":"2025-04-17T11:34:52","guid":{"rendered":"https:\/\/kadk-sdle.ch\/famille\/parents\/"},"modified":"2025-09-24T12:42:26","modified_gmt":"2025-09-24T12:42:26","slug":"parents","status":"publish","type":"page","link":"https:\/\/kadk-sdle.ch\/fr\/famille\/parents\/","title":{"rendered":"Parents"},"content":{"rendered":"<h2>Il semble que de nombreux parents h\u00e9sitent \u00e0 participer \u00e0 un groupe : vous aussi ?<\/h2>\n<p>Sur la base des exp\u00e9riences d&rsquo;autres parents qui ont particip\u00e9 \u00e0 un cours de \u00ab Sortir de l\u2019\u00e9tau \u00bb, nous vous assurons que dans la r\u00e9alit\u00e9, c&rsquo;est le contraire qui se produit. Les parents qui vivent des exp\u00e9riences similaires se font rapidement confiance et se soutiennent souvent mieux que les th\u00e9rapeutes jamais pourraient le faire.<\/p>\n<h2>Pourquoi c\u2019est plus efficace en groupe que seul ?<\/h2>\n<p>En principe, les gens peuvent mieux se percevoir eux-m\u00eames et leur propre comportement dans le comportement des autres. En \u00e9changeant avec d&rsquo;autres parents, ils peuvent en outre se rendre compte que d&rsquo;autres m\u00e8res et p\u00e8res sont confront\u00e9s aux m\u00eames d\u00e9fis qu&rsquo;eux. L&rsquo;isolement social et l&rsquo;ali\u00e9nation diminuent au sein du groupe.<\/p>\n<p>Des parents qui traversent diff\u00e9rentes phases de conflit &#8211; certains depuis quelques ann\u00e9es, d&rsquo;autres depuis une dizaine d&rsquo;ann\u00e9es \u2013 reconnaissent ainsi mieux les cons\u00e9quences d&rsquo;une escalade du conflit pour les enfants. Cela motive \u00e0 essayer de nouvelles voies &#8211; dans un cadre s\u00fbr.<\/p>\n<h2>M\u00eame si ce n\u2019est pas \u00e9vident sur le moment, une rupture n\u2019est pas seulement une fin. Elle pourrait \u00eatre aussi un nouveau d\u00e9part.<\/h2>\n<p>Bien que la relation de couple soit termin\u00e9e, pour vos enfants vous restez un p\u00e8re et une m\u00e8re et vous deviendrez peut-\u00eatre m\u00eame de meilleurs parents. Cela sera plus facile si l&rsquo;attitude mutuelle n&rsquo;est pas hostile. Ouverte, bienveillant ou au moins curieux &#8211; ce n&rsquo;est qu&rsquo;avec un changement d&rsquo;attitude qu&rsquo;un nouveau d\u00e9part a de r\u00e9elles chances de se produire.<\/p>\n<p>Si le regard est d\u00e9tourn\u00e9 du conflit de couple pour se concentrer sur les besoins des enfants, la confiance peut \u00e0 nouveau s&rsquo;installer. Que ce soit pour une parentalit\u00e9 coop\u00e9rative ou pour une transition paisible vers une parentalit\u00e9 parall\u00e8le.<\/p>\n<h2>Souhaitez-vous retrouver le calme &#8211; pour vos enfants et pour vous-m\u00eames ?<\/h2>\n<p><span style=\"color: #993366;\">Pour que votre c\u0153ur et votre esprit se lib\u00e8rent pour ce qui compte vraiment dans la vie ?<br \/>\n<\/span><\/p>\n<h2><span style=\"color: #445a53 !important;\">Nous vous soutenons volontiers, vous et vos enfants, sur cette voie !<\/span><\/h2>\n<p><span style=\"color: #445a53 !important;\">N\u2019h\u00e9sitez pas \u00e0 nous <a href=\"https:\/\/kadk-sdle.ch\/fr\/contact\/\">contacter<\/a> !<\/span><\/p>\n<p>&nbsp;<\/p>\n<p style=\"text-align: center;\"><strong><a href=\"https:\/\/kadk-sdle.ch\/wp-content\/uploads\/2025\/09\/Artikel-Bieler-Tagblatt.pdf\" target=\"_blank\" rel=\"noopener\">L&rsquo;histoire d&rsquo;Edith et Lars<\/a><\/strong><\/p>\n","protected":false},"excerpt":{"rendered":"<p>Il semble que de nombreux parents h\u00e9sitent \u00e0 participer \u00e0 un groupe : vous aussi ? Sur la base des exp\u00e9riences d&rsquo;autres parents qui ont particip\u00e9 \u00e0 un cours de \u00ab Sortir de l\u2019\u00e9tau \u00bb, nous vous assurons que dans la r\u00e9alit\u00e9, c&rsquo;est le contraire qui se produit. Les parents qui vivent des exp\u00e9riences similaires [&hellip;]<\/p>\n","protected":false},"author":1,"featured_media":849,"parent":807,"menu_order":0,"comment_status":"closed","ping_status":"closed","template":"","meta":{"footnotes":""},"class_list":["post-808","page","type-page","status-publish","has-post-thumbnail","hentry"],"yoast_head":"<!-- This site is optimized with the Yoast SEO plugin v27.5 - https:\/\/yoast.com\/product\/yoast-seo-wordpress\/ -->\n<title>Parents - Sortire de l&#039;\u00e9tau Bienne<\/title>\n<meta name=\"robots\" content=\"index, follow, max-snippet:-1, max-image-preview:large, max-video-preview:-1\" \/>\n<link rel=\"canonical\" href=\"https:\/\/kadk-sdle.ch\/fr\/famille\/parents\/\" \/>\n<meta property=\"og:locale\" content=\"fr_FR\" \/>\n<meta property=\"og:type\" content=\"article\" \/>\n<meta property=\"og:title\" content=\"Parents - Sortire de l&#039;\u00e9tau Bienne\" \/>\n<meta property=\"og:description\" content=\"Il semble que de nombreux parents h\u00e9sitent \u00e0 participer \u00e0 un groupe : vous aussi ? Sur la base des exp\u00e9riences d&rsquo;autres parents qui ont particip\u00e9 \u00e0 un cours de \u00ab Sortir de l\u2019\u00e9tau \u00bb, nous vous assurons que dans la r\u00e9alit\u00e9, c&rsquo;est le contraire qui se produit. Les parents qui vivent des exp\u00e9riences similaires [&hellip;]\" \/>\n<meta property=\"og:url\" content=\"https:\/\/kadk-sdle.ch\/fr\/famille\/parents\/\" \/>\n<meta property=\"og:site_name\" content=\"Sortire de l&#039;\u00e9tau Bienne\" \/>\n<meta property=\"article:modified_time\" content=\"2025-09-24T12:42:26+00:00\" \/>\n<meta property=\"og:image\" content=\"https:\/\/kadk-sdle.ch\/wp-content\/uploads\/2025\/05\/eltern-2.jpg\" \/>\n\t<meta property=\"og:image:width\" content=\"1920\" \/>\n\t<meta property=\"og:image:height\" content=\"1059\" \/>\n\t<meta property=\"og:image:type\" content=\"image\/jpeg\" \/>\n<meta name=\"twitter:card\" content=\"summary_large_image\" \/>\n<meta name=\"twitter:label1\" content=\"Dur\u00e9e de lecture estim\u00e9e\" \/>\n\t<meta name=\"twitter:data1\" content=\"2 minutes\" \/>\n<script type=\"application\/ld+json\" class=\"yoast-schema-graph\">{\"@context\":\"https:\\\/\\\/schema.org\",\"@graph\":[{\"@type\":\"WebPage\",\"@id\":\"https:\\\/\\\/kadk-sdle.ch\\\/fr\\\/famille\\\/parents\\\/\",\"url\":\"https:\\\/\\\/kadk-sdle.ch\\\/fr\\\/famille\\\/parents\\\/\",\"name\":\"Parents - Sortire de l&#039;\u00e9tau Bienne\",\"isPartOf\":{\"@id\":\"https:\\\/\\\/kadk-sdle.ch\\\/fr\\\/#website\"},\"primaryImageOfPage\":{\"@id\":\"https:\\\/\\\/kadk-sdle.ch\\\/fr\\\/famille\\\/parents\\\/#primaryimage\"},\"image\":{\"@id\":\"https:\\\/\\\/kadk-sdle.ch\\\/fr\\\/famille\\\/parents\\\/#primaryimage\"},\"thumbnailUrl\":\"https:\\\/\\\/kadk-sdle.ch\\\/wp-content\\\/uploads\\\/2025\\\/05\\\/eltern-2.jpg\",\"datePublished\":\"2025-04-17T11:34:52+00:00\",\"dateModified\":\"2025-09-24T12:42:26+00:00\",\"breadcrumb\":{\"@id\":\"https:\\\/\\\/kadk-sdle.ch\\\/fr\\\/famille\\\/parents\\\/#breadcrumb\"},\"inLanguage\":\"fr-FR\",\"potentialAction\":[{\"@type\":\"ReadAction\",\"target\":[\"https:\\\/\\\/kadk-sdle.ch\\\/fr\\\/famille\\\/parents\\\/\"]}]},{\"@type\":\"ImageObject\",\"inLanguage\":\"fr-FR\",\"@id\":\"https:\\\/\\\/kadk-sdle.ch\\\/fr\\\/famille\\\/parents\\\/#primaryimage\",\"url\":\"https:\\\/\\\/kadk-sdle.ch\\\/wp-content\\\/uploads\\\/2025\\\/05\\\/eltern-2.jpg\",\"contentUrl\":\"https:\\\/\\\/kadk-sdle.ch\\\/wp-content\\\/uploads\\\/2025\\\/05\\\/eltern-2.jpg\",\"width\":1920,\"height\":1059},{\"@type\":\"BreadcrumbList\",\"@id\":\"https:\\\/\\\/kadk-sdle.ch\\\/fr\\\/famille\\\/parents\\\/#breadcrumb\",\"itemListElement\":[{\"@type\":\"ListItem\",\"position\":1,\"name\":\"Startseite\",\"item\":\"https:\\\/\\\/kadk-sdle.ch\\\/fr\\\/\"},{\"@type\":\"ListItem\",\"position\":2,\"name\":\"Famille\",\"item\":\"https:\\\/\\\/kadk-sdle.ch\\\/fr\\\/famille\\\/\"},{\"@type\":\"ListItem\",\"position\":3,\"name\":\"Parents\"}]},{\"@type\":\"WebSite\",\"@id\":\"https:\\\/\\\/kadk-sdle.ch\\\/fr\\\/#website\",\"url\":\"https:\\\/\\\/kadk-sdle.ch\\\/fr\\\/\",\"name\":\"Kinder aus der Klemme Biel\",\"description\":\"Groupes multifamiliaux, un soutien face aux s\u00e9parations conflictuelles\",\"publisher\":{\"@id\":\"https:\\\/\\\/kadk-sdle.ch\\\/fr\\\/#organization\"},\"potentialAction\":[{\"@type\":\"SearchAction\",\"target\":{\"@type\":\"EntryPoint\",\"urlTemplate\":\"https:\\\/\\\/kadk-sdle.ch\\\/fr\\\/?s={search_term_string}\"},\"query-input\":{\"@type\":\"PropertyValueSpecification\",\"valueRequired\":true,\"valueName\":\"search_term_string\"}}],\"inLanguage\":\"fr-FR\"},{\"@type\":\"Organization\",\"@id\":\"https:\\\/\\\/kadk-sdle.ch\\\/fr\\\/#organization\",\"name\":\"Kinder aus der Klemme Biel\",\"url\":\"https:\\\/\\\/kadk-sdle.ch\\\/fr\\\/\",\"logo\":{\"@type\":\"ImageObject\",\"inLanguage\":\"fr-FR\",\"@id\":\"https:\\\/\\\/kadk-sdle.ch\\\/fr\\\/#\\\/schema\\\/logo\\\/image\\\/\",\"url\":\"https:\\\/\\\/kadk-sdle.ch\\\/wp-content\\\/uploads\\\/2025\\\/04\\\/bordeu.png\",\"contentUrl\":\"https:\\\/\\\/kadk-sdle.ch\\\/wp-content\\\/uploads\\\/2025\\\/04\\\/bordeu.png\",\"width\":2129,\"height\":577,\"caption\":\"Kinder aus der Klemme Biel\"},\"image\":{\"@id\":\"https:\\\/\\\/kadk-sdle.ch\\\/fr\\\/#\\\/schema\\\/logo\\\/image\\\/\"}}]}<\/script>\n<!-- \/ Yoast SEO plugin. -->","yoast_head_json":{"title":"Parents - Sortire de l&#039;\u00e9tau Bienne","robots":{"index":"index","follow":"follow","max-snippet":"max-snippet:-1","max-image-preview":"max-image-preview:large","max-video-preview":"max-video-preview:-1"},"canonical":"https:\/\/kadk-sdle.ch\/fr\/famille\/parents\/","og_locale":"fr_FR","og_type":"article","og_title":"Parents - Sortire de l&#039;\u00e9tau Bienne","og_description":"Il semble que de nombreux parents h\u00e9sitent \u00e0 participer \u00e0 un groupe : vous aussi ? Sur la base des exp\u00e9riences d&rsquo;autres parents qui ont particip\u00e9 \u00e0 un cours de \u00ab Sortir de l\u2019\u00e9tau \u00bb, nous vous assurons que dans la r\u00e9alit\u00e9, c&rsquo;est le contraire qui se produit. Les parents qui vivent des exp\u00e9riences similaires [&hellip;]","og_url":"https:\/\/kadk-sdle.ch\/fr\/famille\/parents\/","og_site_name":"Sortire de l&#039;\u00e9tau Bienne","article_modified_time":"2025-09-24T12:42:26+00:00","og_image":[{"width":1920,"height":1059,"url":"https:\/\/kadk-sdle.ch\/wp-content\/uploads\/2025\/05\/eltern-2.jpg","type":"image\/jpeg"}],"twitter_card":"summary_large_image","twitter_misc":{"Dur\u00e9e de lecture estim\u00e9e":"2 minutes"},"schema":{"@context":"https:\/\/schema.org","@graph":[{"@type":"WebPage","@id":"https:\/\/kadk-sdle.ch\/fr\/famille\/parents\/","url":"https:\/\/kadk-sdle.ch\/fr\/famille\/parents\/","name":"Parents - Sortire de l&#039;\u00e9tau Bienne","isPartOf":{"@id":"https:\/\/kadk-sdle.ch\/fr\/#website"},"primaryImageOfPage":{"@id":"https:\/\/kadk-sdle.ch\/fr\/famille\/parents\/#primaryimage"},"image":{"@id":"https:\/\/kadk-sdle.ch\/fr\/famille\/parents\/#primaryimage"},"thumbnailUrl":"https:\/\/kadk-sdle.ch\/wp-content\/uploads\/2025\/05\/eltern-2.jpg","datePublished":"2025-04-17T11:34:52+00:00","dateModified":"2025-09-24T12:42:26+00:00","breadcrumb":{"@id":"https:\/\/kadk-sdle.ch\/fr\/famille\/parents\/#breadcrumb"},"inLanguage":"fr-FR","potentialAction":[{"@type":"ReadAction","target":["https:\/\/kadk-sdle.ch\/fr\/famille\/parents\/"]}]},{"@type":"ImageObject","inLanguage":"fr-FR","@id":"https:\/\/kadk-sdle.ch\/fr\/famille\/parents\/#primaryimage","url":"https:\/\/kadk-sdle.ch\/wp-content\/uploads\/2025\/05\/eltern-2.jpg","contentUrl":"https:\/\/kadk-sdle.ch\/wp-content\/uploads\/2025\/05\/eltern-2.jpg","width":1920,"height":1059},{"@type":"BreadcrumbList","@id":"https:\/\/kadk-sdle.ch\/fr\/famille\/parents\/#breadcrumb","itemListElement":[{"@type":"ListItem","position":1,"name":"Startseite","item":"https:\/\/kadk-sdle.ch\/fr\/"},{"@type":"ListItem","position":2,"name":"Famille","item":"https:\/\/kadk-sdle.ch\/fr\/famille\/"},{"@type":"ListItem","position":3,"name":"Parents"}]},{"@type":"WebSite","@id":"https:\/\/kadk-sdle.ch\/fr\/#website","url":"https:\/\/kadk-sdle.ch\/fr\/","name":"Kinder aus der Klemme Biel","description":"Groupes multifamiliaux, un soutien face aux s\u00e9parations conflictuelles","publisher":{"@id":"https:\/\/kadk-sdle.ch\/fr\/#organization"},"potentialAction":[{"@type":"SearchAction","target":{"@type":"EntryPoint","urlTemplate":"https:\/\/kadk-sdle.ch\/fr\/?s={search_term_string}"},"query-input":{"@type":"PropertyValueSpecification","valueRequired":true,"valueName":"search_term_string"}}],"inLanguage":"fr-FR"},{"@type":"Organization","@id":"https:\/\/kadk-sdle.ch\/fr\/#organization","name":"Kinder aus der Klemme Biel","url":"https:\/\/kadk-sdle.ch\/fr\/","logo":{"@type":"ImageObject","inLanguage":"fr-FR","@id":"https:\/\/kadk-sdle.ch\/fr\/#\/schema\/logo\/image\/","url":"https:\/\/kadk-sdle.ch\/wp-content\/uploads\/2025\/04\/bordeu.png","contentUrl":"https:\/\/kadk-sdle.ch\/wp-content\/uploads\/2025\/04\/bordeu.png","width":2129,"height":577,"caption":"Kinder aus der Klemme Biel"},"image":{"@id":"https:\/\/kadk-sdle.ch\/fr\/#\/schema\/logo\/image\/"}}]}},"_links":{"self":[{"href":"https:\/\/kadk-sdle.ch\/fr\/wp-json\/wp\/v2\/pages\/808","targetHints":{"allow":["GET"]}}],"collection":[{"href":"https:\/\/kadk-sdle.ch\/fr\/wp-json\/wp\/v2\/pages"}],"about":[{"href":"https:\/\/kadk-sdle.ch\/fr\/wp-json\/wp\/v2\/types\/page"}],"author":[{"embeddable":true,"href":"https:\/\/kadk-sdle.ch\/fr\/wp-json\/wp\/v2\/users\/1"}],"replies":[{"embeddable":true,"href":"https:\/\/kadk-sdle.ch\/fr\/wp-json\/wp\/v2\/comments?post=808"}],"version-history":[{"count":7,"href":"https:\/\/kadk-sdle.ch\/fr\/wp-json\/wp\/v2\/pages\/808\/revisions"}],"predecessor-version":[{"id":1341,"href":"https:\/\/kadk-sdle.ch\/fr\/wp-json\/wp\/v2\/pages\/808\/revisions\/1341"}],"up":[{"embeddable":true,"href":"https:\/\/kadk-sdle.ch\/fr\/wp-json\/wp\/v2\/pages\/807"}],"wp:featuredmedia":[{"embeddable":true,"href":"https:\/\/kadk-sdle.ch\/fr\/wp-json\/wp\/v2\/media\/849"}],"wp:attachment":[{"href":"https:\/\/kadk-sdle.ch\/fr\/wp-json\/wp\/v2\/media?parent=808"}],"curies":[{"name":"wp","href":"https:\/\/api.w.org\/{rel}","templated":true}]}}