{"id":1448,"date":"2026-03-30T14:48:08","date_gmt":"2026-03-30T14:48:08","guid":{"rendered":"https:\/\/kadk-sdle.ch\/famille\/temoignages\/"},"modified":"2026-03-30T15:47:10","modified_gmt":"2026-03-30T15:47:10","slug":"temoignages","status":"publish","type":"page","link":"https:\/\/kadk-sdle.ch\/fr\/famille\/temoignages\/","title":{"rendered":"T\u00e9moignages"},"content":{"rendered":"<p style=\"padding-left: 80px;\"><span style=\"color: #445a53;\">\u00ab J\u2019ai vu Andr\u00e9 sous un autre jour. Plus calme, plus libre.<br \/>\nPeu \u00e0 peu, j\u2019ai vu du bien-\u00eatre dans ses yeux, et cela fait de moi une m\u00e8re plus sereine.\u00bb<\/span><\/p>\n<p><span style=\"color: #993366;\">\u00ab Notre plus jeune fille est \u00e0 nouveau plus joyeuse, plus d\u00e9tendue, moins en col\u00e8re.<br \/>\nEt elle est redevenue une enfant. \u00bb (P\u00e8re)<\/span><\/p>\n<p style=\"padding-left: 40px;\"><span style=\"color: #445a53;\">\u00ab Les enfants sont plus joyeux. Ils osent davantage se confier. \u00bb (P\u00e8re)<\/span><\/p>\n<p style=\"padding-left: 80px;\"><span style=\"color: #993366;\">\u00ab Tous les enfants retournent chez leur p\u00e8re.<br \/>\nEt ils semblent d\u00e9tendus et en s\u00e9curit\u00e9 quand ils reviennent de chez lui. \u00bb (M\u00e8re)<\/span><\/p>\n<p><span style=\"color: #445a53;\">\u00ab Je sais d\u00e9sormais mieux reconna\u00eetre ce que je dois \u00e9viter et ce que je ne peux pas changer. \u00bb (P\u00e8re)<\/span><\/p>\n<p style=\"padding-left: 80px;\"><span style=\"color: #993366;\">\u00ab Ce qui m\u2019a fait du bien, c\u2019est de voir vu que je n\u2019\u00e9tais pas la seule \u00e0 avoir des probl\u00e8mes. \u00bb (M\u00e8re)<\/span><\/p>\n<p style=\"padding-left: 40px;\"><span style=\"color: #445a53;\">\u00ab Je ne suis plus en col\u00e8re ni d\u00e9sesp\u00e9r\u00e9. Je ne peux changer que moi-m\u00eame,<br \/>\npas les autres, les enfants ou mon ex-partenaire. \u00bb (P\u00e8re)<\/span><\/p>\n<p><span style=\"color: #993366;\">\u00ab J\u2019ai appris \u00e0 \u00e9tablir des priorit\u00e9s, \u00e0 prendre du recul et \u00e0 faire une pause.<br \/>\n<\/span><span style=\"color: #993366;\">Je suis devenue plus objecive et moins \u00e9motive. \u00bb (M\u00e8re)<\/span><\/p>\n<p style=\"padding-left: 80px;\"><span style=\"color: #445a53;\">\u00ab L&rsquo;organisation \u00e9tait bonne.<br \/>\n<\/span>La communication (par e-mail) a de potentiel. \u00bb (P\u00e8re)<\/p>\n<p>&nbsp;<\/p>\n","protected":false},"excerpt":{"rendered":"<p>\u00ab J\u2019ai vu Andr\u00e9 sous un autre jour. Plus calme, plus libre. Peu \u00e0 peu, j\u2019ai vu du bien-\u00eatre dans ses yeux, et cela fait de moi une m\u00e8re plus sereine.\u00bb \u00ab Notre plus jeune fille est \u00e0 nouveau plus joyeuse, plus d\u00e9tendue, moins en col\u00e8re. Et elle est redevenue une enfant. \u00bb (P\u00e8re) \u00ab [&hellip;]<\/p>\n","protected":false},"author":2,"featured_media":0,"parent":807,"menu_order":0,"comment_status":"closed","ping_status":"closed","template":"","meta":{"footnotes":""},"class_list":["post-1448","page","type-page","status-publish","hentry"],"yoast_head":"<!-- This site is optimized with the Yoast SEO plugin v27.6 - https:\/\/yoast.com\/product\/yoast-seo-wordpress\/ -->\n<title>T\u00e9moignages - Sortire de l&#039;\u00e9tau Bienne<\/title>\n<meta name=\"robots\" content=\"index, follow, max-snippet:-1, max-image-preview:large, max-video-preview:-1\" \/>\n<link rel=\"canonical\" href=\"https:\/\/kadk-sdle.ch\/fr\/famille\/temoignages\/\" \/>\n<meta property=\"og:locale\" content=\"fr_FR\" \/>\n<meta property=\"og:type\" content=\"article\" \/>\n<meta property=\"og:title\" content=\"T\u00e9moignages - Sortire de l&#039;\u00e9tau Bienne\" \/>\n<meta property=\"og:description\" content=\"\u00ab J\u2019ai vu Andr\u00e9 sous un autre jour. Plus calme, plus libre. Peu \u00e0 peu, j\u2019ai vu du bien-\u00eatre dans ses yeux, et cela fait de moi une m\u00e8re plus sereine.\u00bb \u00ab Notre plus jeune fille est \u00e0 nouveau plus joyeuse, plus d\u00e9tendue, moins en col\u00e8re. Et elle est redevenue une enfant. \u00bb (P\u00e8re) \u00ab [&hellip;]\" \/>\n<meta property=\"og:url\" content=\"https:\/\/kadk-sdle.ch\/fr\/famille\/temoignages\/\" \/>\n<meta property=\"og:site_name\" content=\"Sortire de l&#039;\u00e9tau Bienne\" \/>\n<meta property=\"article:modified_time\" content=\"2026-03-30T15:47:10+00:00\" \/>\n<meta name=\"twitter:card\" content=\"summary_large_image\" \/>\n<meta name=\"twitter:label1\" content=\"Dur\u00e9e de lecture estim\u00e9e\" \/>\n\t<meta name=\"twitter:data1\" content=\"1 minute\" \/>\n<script type=\"application\/ld+json\" class=\"yoast-schema-graph\">{\"@context\":\"https:\\\/\\\/schema.org\",\"@graph\":[{\"@type\":\"WebPage\",\"@id\":\"https:\\\/\\\/kadk-sdle.ch\\\/fr\\\/famille\\\/temoignages\\\/\",\"url\":\"https:\\\/\\\/kadk-sdle.ch\\\/fr\\\/famille\\\/temoignages\\\/\",\"name\":\"T\u00e9moignages - Sortire de l&#039;\u00e9tau Bienne\",\"isPartOf\":{\"@id\":\"https:\\\/\\\/kadk-sdle.ch\\\/fr\\\/#website\"},\"datePublished\":\"2026-03-30T14:48:08+00:00\",\"dateModified\":\"2026-03-30T15:47:10+00:00\",\"breadcrumb\":{\"@id\":\"https:\\\/\\\/kadk-sdle.ch\\\/fr\\\/famille\\\/temoignages\\\/#breadcrumb\"},\"inLanguage\":\"fr-FR\",\"potentialAction\":[{\"@type\":\"ReadAction\",\"target\":[\"https:\\\/\\\/kadk-sdle.ch\\\/fr\\\/famille\\\/temoignages\\\/\"]}]},{\"@type\":\"BreadcrumbList\",\"@id\":\"https:\\\/\\\/kadk-sdle.ch\\\/fr\\\/famille\\\/temoignages\\\/#breadcrumb\",\"itemListElement\":[{\"@type\":\"ListItem\",\"position\":1,\"name\":\"Startseite\",\"item\":\"https:\\\/\\\/kadk-sdle.ch\\\/fr\\\/\"},{\"@type\":\"ListItem\",\"position\":2,\"name\":\"Famille\",\"item\":\"https:\\\/\\\/kadk-sdle.ch\\\/fr\\\/famille\\\/\"},{\"@type\":\"ListItem\",\"position\":3,\"name\":\"T\u00e9moignages\"}]},{\"@type\":\"WebSite\",\"@id\":\"https:\\\/\\\/kadk-sdle.ch\\\/fr\\\/#website\",\"url\":\"https:\\\/\\\/kadk-sdle.ch\\\/fr\\\/\",\"name\":\"Kinder aus der Klemme Biel\",\"description\":\"Groupes multifamiliaux, un soutien face aux s\u00e9parations conflictuelles\",\"publisher\":{\"@id\":\"https:\\\/\\\/kadk-sdle.ch\\\/fr\\\/#organization\"},\"potentialAction\":[{\"@type\":\"SearchAction\",\"target\":{\"@type\":\"EntryPoint\",\"urlTemplate\":\"https:\\\/\\\/kadk-sdle.ch\\\/fr\\\/?s={search_term_string}\"},\"query-input\":{\"@type\":\"PropertyValueSpecification\",\"valueRequired\":true,\"valueName\":\"search_term_string\"}}],\"inLanguage\":\"fr-FR\"},{\"@type\":\"Organization\",\"@id\":\"https:\\\/\\\/kadk-sdle.ch\\\/fr\\\/#organization\",\"name\":\"Kinder aus der Klemme Biel\",\"url\":\"https:\\\/\\\/kadk-sdle.ch\\\/fr\\\/\",\"logo\":{\"@type\":\"ImageObject\",\"inLanguage\":\"fr-FR\",\"@id\":\"https:\\\/\\\/kadk-sdle.ch\\\/fr\\\/#\\\/schema\\\/logo\\\/image\\\/\",\"url\":\"https:\\\/\\\/kadk-sdle.ch\\\/wp-content\\\/uploads\\\/2025\\\/04\\\/bordeu.png\",\"contentUrl\":\"https:\\\/\\\/kadk-sdle.ch\\\/wp-content\\\/uploads\\\/2025\\\/04\\\/bordeu.png\",\"width\":2129,\"height\":577,\"caption\":\"Kinder aus der Klemme Biel\"},\"image\":{\"@id\":\"https:\\\/\\\/kadk-sdle.ch\\\/fr\\\/#\\\/schema\\\/logo\\\/image\\\/\"}}]}<\/script>\n<!-- \/ Yoast SEO plugin. -->","yoast_head_json":{"title":"T\u00e9moignages - Sortire de l&#039;\u00e9tau Bienne","robots":{"index":"index","follow":"follow","max-snippet":"max-snippet:-1","max-image-preview":"max-image-preview:large","max-video-preview":"max-video-preview:-1"},"canonical":"https:\/\/kadk-sdle.ch\/fr\/famille\/temoignages\/","og_locale":"fr_FR","og_type":"article","og_title":"T\u00e9moignages - Sortire de l&#039;\u00e9tau Bienne","og_description":"\u00ab J\u2019ai vu Andr\u00e9 sous un autre jour. Plus calme, plus libre. Peu \u00e0 peu, j\u2019ai vu du bien-\u00eatre dans ses yeux, et cela fait de moi une m\u00e8re plus sereine.\u00bb \u00ab Notre plus jeune fille est \u00e0 nouveau plus joyeuse, plus d\u00e9tendue, moins en col\u00e8re. Et elle est redevenue une enfant. \u00bb (P\u00e8re) \u00ab [&hellip;]","og_url":"https:\/\/kadk-sdle.ch\/fr\/famille\/temoignages\/","og_site_name":"Sortire de l&#039;\u00e9tau Bienne","article_modified_time":"2026-03-30T15:47:10+00:00","twitter_card":"summary_large_image","twitter_misc":{"Dur\u00e9e de lecture estim\u00e9e":"1 minute"},"schema":{"@context":"https:\/\/schema.org","@graph":[{"@type":"WebPage","@id":"https:\/\/kadk-sdle.ch\/fr\/famille\/temoignages\/","url":"https:\/\/kadk-sdle.ch\/fr\/famille\/temoignages\/","name":"T\u00e9moignages - Sortire de l&#039;\u00e9tau Bienne","isPartOf":{"@id":"https:\/\/kadk-sdle.ch\/fr\/#website"},"datePublished":"2026-03-30T14:48:08+00:00","dateModified":"2026-03-30T15:47:10+00:00","breadcrumb":{"@id":"https:\/\/kadk-sdle.ch\/fr\/famille\/temoignages\/#breadcrumb"},"inLanguage":"fr-FR","potentialAction":[{"@type":"ReadAction","target":["https:\/\/kadk-sdle.ch\/fr\/famille\/temoignages\/"]}]},{"@type":"BreadcrumbList","@id":"https:\/\/kadk-sdle.ch\/fr\/famille\/temoignages\/#breadcrumb","itemListElement":[{"@type":"ListItem","position":1,"name":"Startseite","item":"https:\/\/kadk-sdle.ch\/fr\/"},{"@type":"ListItem","position":2,"name":"Famille","item":"https:\/\/kadk-sdle.ch\/fr\/famille\/"},{"@type":"ListItem","position":3,"name":"T\u00e9moignages"}]},{"@type":"WebSite","@id":"https:\/\/kadk-sdle.ch\/fr\/#website","url":"https:\/\/kadk-sdle.ch\/fr\/","name":"Kinder aus der Klemme Biel","description":"Groupes multifamiliaux, un soutien face aux s\u00e9parations conflictuelles","publisher":{"@id":"https:\/\/kadk-sdle.ch\/fr\/#organization"},"potentialAction":[{"@type":"SearchAction","target":{"@type":"EntryPoint","urlTemplate":"https:\/\/kadk-sdle.ch\/fr\/?s={search_term_string}"},"query-input":{"@type":"PropertyValueSpecification","valueRequired":true,"valueName":"search_term_string"}}],"inLanguage":"fr-FR"},{"@type":"Organization","@id":"https:\/\/kadk-sdle.ch\/fr\/#organization","name":"Kinder aus der Klemme Biel","url":"https:\/\/kadk-sdle.ch\/fr\/","logo":{"@type":"ImageObject","inLanguage":"fr-FR","@id":"https:\/\/kadk-sdle.ch\/fr\/#\/schema\/logo\/image\/","url":"https:\/\/kadk-sdle.ch\/wp-content\/uploads\/2025\/04\/bordeu.png","contentUrl":"https:\/\/kadk-sdle.ch\/wp-content\/uploads\/2025\/04\/bordeu.png","width":2129,"height":577,"caption":"Kinder aus der Klemme Biel"},"image":{"@id":"https:\/\/kadk-sdle.ch\/fr\/#\/schema\/logo\/image\/"}}]}},"_links":{"self":[{"href":"https:\/\/kadk-sdle.ch\/fr\/wp-json\/wp\/v2\/pages\/1448","targetHints":{"allow":["GET"]}}],"collection":[{"href":"https:\/\/kadk-sdle.ch\/fr\/wp-json\/wp\/v2\/pages"}],"about":[{"href":"https:\/\/kadk-sdle.ch\/fr\/wp-json\/wp\/v2\/types\/page"}],"author":[{"embeddable":true,"href":"https:\/\/kadk-sdle.ch\/fr\/wp-json\/wp\/v2\/users\/2"}],"replies":[{"embeddable":true,"href":"https:\/\/kadk-sdle.ch\/fr\/wp-json\/wp\/v2\/comments?post=1448"}],"version-history":[{"count":3,"href":"https:\/\/kadk-sdle.ch\/fr\/wp-json\/wp\/v2\/pages\/1448\/revisions"}],"predecessor-version":[{"id":1461,"href":"https:\/\/kadk-sdle.ch\/fr\/wp-json\/wp\/v2\/pages\/1448\/revisions\/1461"}],"up":[{"embeddable":true,"href":"https:\/\/kadk-sdle.ch\/fr\/wp-json\/wp\/v2\/pages\/807"}],"wp:attachment":[{"href":"https:\/\/kadk-sdle.ch\/fr\/wp-json\/wp\/v2\/media?parent=1448"}],"curies":[{"name":"wp","href":"https:\/\/api.w.org\/{rel}","templated":true}]}}